{"id":1317,"date":"2022-03-15T14:34:32","date_gmt":"2022-03-15T14:34:32","guid":{"rendered":"https:\/\/contractmanufacturinglabs.com\/qualite\/"},"modified":"2025-09-25T13:42:13","modified_gmt":"2025-09-25T13:42:13","slug":"qualite","status":"publish","type":"page","link":"https:\/\/contractmanufacturinglabs.com\/fr\/qualite\/","title":{"rendered":"Qualite"},"content":{"rendered":"\n<div class=\"wp-block-cover alignfull is-light\" style=\"min-height:425px;aspect-ratio:unset;\"><img loading=\"lazy\" decoding=\"async\" width=\"1000\" height=\"449\" class=\"wp-block-cover__image-background wp-image-592\" alt=\"\" src=\"https:\/\/contractmanufacturinglabs.com\/wp-content\/uploads\/2022\/03\/quality.jpg\" style=\"object-position:53% 57%\" data-object-fit=\"cover\" data-object-position=\"53% 57%\" srcset=\"https:\/\/contractmanufacturinglabs.com\/wp-content\/uploads\/2022\/03\/quality.jpg 1000w, https:\/\/contractmanufacturinglabs.com\/wp-content\/uploads\/2022\/03\/quality-300x135.jpg 300w, https:\/\/contractmanufacturinglabs.com\/wp-content\/uploads\/2022\/03\/quality-768x345.jpg 768w, https:\/\/contractmanufacturinglabs.com\/wp-content\/uploads\/2022\/03\/quality-500x225.jpg 500w, https:\/\/contractmanufacturinglabs.com\/wp-content\/uploads\/2022\/03\/quality-800x359.jpg 800w, https:\/\/contractmanufacturinglabs.com\/wp-content\/uploads\/2022\/03\/quality-600x269.jpg 600w\" sizes=\"auto, (max-width: 1000px) 100vw, 1000px\" \/><span aria-hidden=\"true\" class=\"wp-block-cover__background has-ast-global-color-4-background-color has-background-dim\"><\/span><div class=\"wp-block-cover__inner-container is-layout-flow wp-block-cover-is-layout-flow\">\n<h1 class=\"wp-block-heading ghostkit-custom-2glspR has-text-color\" style=\"color:#575757;font-size:30px\">QUALITE ET CONTROLE<\/h1>\n<\/div><\/div>\n\n\n\n<div style=\"height:42px\" aria-hidden=\"true\" class=\"wp-block-spacer\"><\/div>\n\n\n\n<div class=\"wp-block-media-text alignwide has-media-on-the-right is-stacked-on-mobile is-vertically-aligned-center ghostkit-custom-2wvFzo has-ast-global-color-5-background-color has-background\" style=\"grid-template-columns:auto 30%\"><div class=\"wp-block-media-text__content\">\n<section class=\"wp-block-uagb-section uagb-section__wrap uagb-section__background-undefined uagb-block-11288991\"><div class=\"uagb-section__overlay\"><\/div><div class=\"uagb-section__inner-wrap\">\n<h3 class=\"wp-block-heading has-text-align-center animated fadeInLeft delay1 duration3 eds-scroll-visible\">Qualit\u00e9 Europ\u00e9enne<\/h3>\n\n\n\n<p class=\"has-text-align-center animated fadeInLeft delay2 duration3 eds-scroll-visible\">L&rsquo;Europe est consid\u00e9r\u00e9e comme la zone la plus innovante du monde. La qualit\u00e9 y est le standard par excellence. Nos compl\u00e9ments alimentaires sont parmi ceux avec les meilleurs ingr\u00e9dients et la plus grande qualit\u00e9 du monde. Fabriquer vos produits chez CONTRACT MANUFACTURING LABS vous ouvrira les portes de nouveaux marches exigeants, et fera de votre marque une r\u00e9f\u00e9rence sur le march\u00e9.<\/p>\n<\/div><\/section>\n<\/div><figure class=\"wp-block-media-text__media\"><img loading=\"lazy\" decoding=\"async\" width=\"514\" height=\"360\" src=\"https:\/\/contractmanufacturinglabs.com\/wp-content\/uploads\/2025\/09\/Bureau-Veritas-HACCP.jpg\" alt=\"\" class=\"wp-image-1949 size-full\" srcset=\"https:\/\/contractmanufacturinglabs.com\/wp-content\/uploads\/2025\/09\/Bureau-Veritas-HACCP.jpg 514w, https:\/\/contractmanufacturinglabs.com\/wp-content\/uploads\/2025\/09\/Bureau-Veritas-HACCP-300x210.jpg 300w, https:\/\/contractmanufacturinglabs.com\/wp-content\/uploads\/2025\/09\/Bureau-Veritas-HACCP-500x350.jpg 500w\" sizes=\"auto, (max-width: 514px) 100vw, 514px\" \/><\/figure><\/div>\n\n\n\n<div style=\"height:42px\" aria-hidden=\"true\" class=\"wp-block-spacer\"><\/div>\n\n\n\n<div class=\"wp-block-media-text is-stacked-on-mobile is-vertically-aligned-center ghostkit-custom-NvXg5 has-ast-global-color-5-background-color has-background\" style=\"grid-template-columns:30% auto\"><figure class=\"wp-block-media-text__media\"><img loading=\"lazy\" decoding=\"async\" width=\"814\" height=\"551\" src=\"https:\/\/contractmanufacturinglabs.com\/wp-content\/uploads\/2022\/03\/modif.jpg\" alt=\"\" class=\"wp-image-754 size-full\" srcset=\"https:\/\/contractmanufacturinglabs.com\/wp-content\/uploads\/2022\/03\/modif.jpg 814w, https:\/\/contractmanufacturinglabs.com\/wp-content\/uploads\/2022\/03\/modif-300x203.jpg 300w, https:\/\/contractmanufacturinglabs.com\/wp-content\/uploads\/2022\/03\/modif-768x520.jpg 768w, https:\/\/contractmanufacturinglabs.com\/wp-content\/uploads\/2022\/03\/modif-500x338.jpg 500w, https:\/\/contractmanufacturinglabs.com\/wp-content\/uploads\/2022\/03\/modif-800x542.jpg 800w, https:\/\/contractmanufacturinglabs.com\/wp-content\/uploads\/2022\/03\/modif-600x406.jpg 600w\" sizes=\"auto, (max-width: 814px) 100vw, 814px\" \/><\/figure><div class=\"wp-block-media-text__content\">\n<section class=\"wp-block-uagb-section uagb-section__wrap uagb-section__background-undefined uagb-block-71d2b092\"><div class=\"uagb-section__overlay\"><\/div><div class=\"uagb-section__inner-wrap\">\n<h3 class=\"wp-block-heading has-text-align-center animated fadeInRight delay3 duration3 eds-scroll-visible\">Le meilleur sourcing<\/h3>\n\n\n\n<p class=\"has-text-align-center animated fadeInRight delay4 duration3 eds-scroll-visible\">Notre \u00e9quipe a trente ans d\u2019exp\u00e9rience dans le domaine des mati\u00e8res premi\u00e8res. Nous avons sourc\u00e9 les ingr\u00e9dients des plus grands laboratoires europ\u00e9ens : acides amines, vitamines, min\u00e9raux, extraits secs, ainsi que tous les produits innovants et utilis\u00e9s du march\u00e9: coenzyme Q10, m\u00e9latonine, glutathion, acide hyaluronique&#8230;<\/p>\n\n\n\n<p class=\"has-text-align-center animated fadeInRight delay5 duration3 eds-scroll-visible\">Cette connaissance nous permet de vous conseiller dans le choix des ingr\u00e9dients, choisir les meilleurs qualit\u00e9s, les meilleurs fabricants, \u00e9viter les probl\u00e8mes de disponilbit\u00e9, de prix, de nouvelles regulations. Nous proposons le meilleur sourcing et vous accompagnons tout au long de ce processus.<\/p>\n<\/div><\/section>\n<\/div><\/div>\n\n\n\n<div style=\"height:42px\" aria-hidden=\"true\" class=\"wp-block-spacer\"><\/div>\n\n\n\n<div class=\"wp-block-media-text alignwide has-media-on-the-right is-stacked-on-mobile is-vertically-aligned-center ghostkit-custom-5rNkf has-ast-global-color-5-background-color has-background\" style=\"grid-template-columns:auto 30%\"><div class=\"wp-block-media-text__content\">\n<section class=\"wp-block-uagb-section uagb-section__wrap uagb-section__background-undefined uagb-block-1d0e8773\"><div class=\"uagb-section__overlay\"><\/div><div class=\"uagb-section__inner-wrap\">\n<h3 class=\"wp-block-heading has-text-align-center animated fadeInLeft delay6 duration3 eds-scroll-visible\">Nos normes de qualit\u00e9 HACCP<\/h3>\n\n\n\n<p class=\"has-text-align-center animated fadeInLeft delay7 duration3 eds-scroll-visible\">Nous productions r\u00e9pondent aux standards europ\u00e9ens. Nos produits sont fabriqu\u00e9s en Europe et garantis HACCP. Gr\u00e2ce \u00e0 la qualit\u00e9 et la diversit\u00e9 de nos machines (automatiques, semi-automatiques), nous pouvons r\u00e9pondre \u00e0 vos demandes et vous fournir des compl\u00e9ments alimentaires au plus pr\u00e8s de vos attentes. Nos installations et pratiques, conformes aux standards europ\u00e9ens, vous garantissent des productions de la plus haute qualit\u00e9.<\/p>\n<\/div><\/section>\n<\/div><figure class=\"wp-block-media-text__media\"><img loading=\"lazy\" decoding=\"async\" width=\"1000\" height=\"667\" src=\"https:\/\/contractmanufacturinglabs.com\/wp-content\/uploads\/2022\/03\/cientificos.jpg\" alt=\"\" class=\"wp-image-751 size-full\" srcset=\"https:\/\/contractmanufacturinglabs.com\/wp-content\/uploads\/2022\/03\/cientificos.jpg 1000w, https:\/\/contractmanufacturinglabs.com\/wp-content\/uploads\/2022\/03\/cientificos-300x200.jpg 300w, https:\/\/contractmanufacturinglabs.com\/wp-content\/uploads\/2022\/03\/cientificos-768x512.jpg 768w, https:\/\/contractmanufacturinglabs.com\/wp-content\/uploads\/2022\/03\/cientificos-500x334.jpg 500w, https:\/\/contractmanufacturinglabs.com\/wp-content\/uploads\/2022\/03\/cientificos-800x534.jpg 800w, https:\/\/contractmanufacturinglabs.com\/wp-content\/uploads\/2022\/03\/cientificos-600x400.jpg 600w\" sizes=\"auto, (max-width: 1000px) 100vw, 1000px\" \/><\/figure><\/div>\n\n\n\n<div style=\"height:42px\" aria-hidden=\"true\" class=\"wp-block-spacer\"><\/div>\n\n\n\n<div class=\"wp-block-media-text is-stacked-on-mobile is-vertically-aligned-center ghostkit-custom-iXX62 has-ast-global-color-5-background-color has-background\" style=\"grid-template-columns:30% auto\"><figure class=\"wp-block-media-text__media\"><img loading=\"lazy\" decoding=\"async\" width=\"1000\" height=\"667\" src=\"https:\/\/contractmanufacturinglabs.com\/wp-content\/uploads\/2022\/03\/probetas.jpg\" alt=\"\" class=\"wp-image-752 size-full\" srcset=\"https:\/\/contractmanufacturinglabs.com\/wp-content\/uploads\/2022\/03\/probetas.jpg 1000w, https:\/\/contractmanufacturinglabs.com\/wp-content\/uploads\/2022\/03\/probetas-300x200.jpg 300w, https:\/\/contractmanufacturinglabs.com\/wp-content\/uploads\/2022\/03\/probetas-768x512.jpg 768w, https:\/\/contractmanufacturinglabs.com\/wp-content\/uploads\/2022\/03\/probetas-500x334.jpg 500w, https:\/\/contractmanufacturinglabs.com\/wp-content\/uploads\/2022\/03\/probetas-800x534.jpg 800w, https:\/\/contractmanufacturinglabs.com\/wp-content\/uploads\/2022\/03\/probetas-600x400.jpg 600w\" sizes=\"auto, (max-width: 1000px) 100vw, 1000px\" \/><\/figure><div class=\"wp-block-media-text__content\">\n<section class=\"wp-block-uagb-section uagb-section__wrap uagb-section__background-undefined uagb-block-6b92d067\"><div class=\"uagb-section__overlay\"><\/div><div class=\"uagb-section__inner-wrap\">\n<h3 class=\"wp-block-heading has-text-align-center animated fadeInRight delay8 duration3 eds-scroll-visible\">Contr\u00f4le et analyse<\/h3>\n\n\n\n<p class=\"has-text-align-center animated fadeInRight delay9 duration3 eds-scroll-visible\">Gr\u00e2ce \u00e0 notre experience dans les ingr\u00e9dients, nous connaissons toutes les analyses indispensables \u00e0 la production de compl\u00e9ments alimentaires de qualit\u00e9. Nous savons contr\u00f4ler nos sources et fabricants, demander les analyses et contre analyses n\u00e9cessaires: m\u00e9taux lourds, microbiologie, concentration des actifs. Nous ma\u00eetrisons \u00e9galement de nouveaux param\u00e8tres qui sont devenus incontournables: HAP4 (Polycyclic aromatic hydrocarbons), Ethylene Oxyde\u2026 Nous communiquons sur ces points en grande transparence pour respecter la confiance de nos clients.<\/p>\n<\/div><\/section>\n<\/div><\/div>\n\n\n\n<div class=\"wp-block-cover alignfull is-light\" style=\"min-height:371px;aspect-ratio:unset;\"><img loading=\"lazy\" decoding=\"async\" width=\"1536\" height=\"1024\" class=\"wp-block-cover__image-background wp-image-1135\" alt=\"\" src=\"https:\/\/contractmanufacturinglabs.com\/wp-content\/uploads\/2022\/04\/banner-pie-multicolor3.jpg\" style=\"object-position:49% 77%\" data-object-fit=\"cover\" data-object-position=\"49% 77%\" srcset=\"https:\/\/contractmanufacturinglabs.com\/wp-content\/uploads\/2022\/04\/banner-pie-multicolor3.jpg 1536w, https:\/\/contractmanufacturinglabs.com\/wp-content\/uploads\/2022\/04\/banner-pie-multicolor3-300x200.jpg 300w, https:\/\/contractmanufacturinglabs.com\/wp-content\/uploads\/2022\/04\/banner-pie-multicolor3-1024x683.jpg 1024w, https:\/\/contractmanufacturinglabs.com\/wp-content\/uploads\/2022\/04\/banner-pie-multicolor3-768x512.jpg 768w, https:\/\/contractmanufacturinglabs.com\/wp-content\/uploads\/2022\/04\/banner-pie-multicolor3-500x333.jpg 500w, https:\/\/contractmanufacturinglabs.com\/wp-content\/uploads\/2022\/04\/banner-pie-multicolor3-800x533.jpg 800w, https:\/\/contractmanufacturinglabs.com\/wp-content\/uploads\/2022\/04\/banner-pie-multicolor3-1280x853.jpg 1280w, https:\/\/contractmanufacturinglabs.com\/wp-content\/uploads\/2022\/04\/banner-pie-multicolor3-600x400.jpg 600w\" sizes=\"auto, (max-width: 1536px) 100vw, 1536px\" \/><span aria-hidden=\"true\" class=\"wp-block-cover__background has-ast-global-color-4-background-color has-background-dim\"><\/span><div class=\"wp-block-cover__inner-container is-layout-flow wp-block-cover-is-layout-flow\">\n<h2 class=\"wp-block-heading has-text-align-center has-ast-global-color-2-color has-text-color\">Personnalisez votre produit<\/h2>\n\n\n\n<p class=\"has-text-align-center has-ast-global-color-2-color has-text-color\">Cliquez ici pour recevoir une invitation \u00e0 personnaliser votre produit ! Pilulier, couvercles, \u00e9tiquettes, tout est possible gr\u00e2ce \u00e0 notre configurateur !<\/p>\n\n\n\n<div class=\"wp-block-buttons is-horizontal is-content-justification-center is-layout-flex wp-container-core-buttons-is-layout-03627597 wp-block-buttons-is-layout-flex\">\n<div class=\"wp-block-button\"><a class=\"wp-block-button__link wp-element-button\" href=\"https:\/\/contractmanufacturinglabs.com\/fr\/contacter\/\">Contactez<\/a><\/div>\n<\/div>\n\n\n\n<div style=\"height:169px\" aria-hidden=\"true\" class=\"wp-block-spacer\"><\/div>\n<\/div><\/div>\n","protected":false},"excerpt":{"rendered":"","protected":false},"author":1,"featured_media":0,"parent":0,"menu_order":0,"comment_status":"closed","ping_status":"closed","template":"","meta":{"inline_featured_image":false,"_uag_custom_page_level_css":"","site-sidebar-layout":"default","site-content-layout":"plain-container","ast-site-content-layout":"normal-width-container","site-content-style":"unboxed","site-sidebar-style":"unboxed","ast-global-header-display":"","ast-banner-title-visibility":"","ast-main-header-display":"","ast-hfb-above-header-display":"","ast-hfb-below-header-display":"","ast-hfb-mobile-header-display":"","site-post-title":"disabled","ast-breadcrumbs-content":"","ast-featured-img":"disabled","footer-sml-layout":"","ast-disable-related-posts":"","theme-transparent-header-meta":"default","adv-header-id-meta":"","stick-header-meta":"","header-above-stick-meta":"","header-main-stick-meta":"","header-below-stick-meta":"","astra-migrate-meta-layouts":"set","ast-page-background-enabled":"default","ast-page-background-meta":{"desktop":{"background-color":"","background-image":"","background-repeat":"repeat","background-position":"center center","background-size":"auto","background-attachment":"scroll","background-type":"","background-media":"","overlay-type":"","overlay-color":"","overlay-opacity":"","overlay-gradient":""},"tablet":{"background-color":"","background-image":"","background-repeat":"repeat","background-position":"center center","background-size":"auto","background-attachment":"scroll","background-type":"","background-media":"","overlay-type":"","overlay-color":"","overlay-opacity":"","overlay-gradient":""},"mobile":{"background-color":"","background-image":"","background-repeat":"repeat","background-position":"center center","background-size":"auto","background-attachment":"scroll","background-type":"","background-media":"","overlay-type":"","overlay-color":"","overlay-opacity":"","overlay-gradient":""}},"ast-content-background-meta":{"desktop":{"background-color":"var(--ast-global-color-5)","background-image":"","background-repeat":"repeat","background-position":"center center","background-size":"auto","background-attachment":"scroll","background-type":"","background-media":"","overlay-type":"","overlay-color":"","overlay-opacity":"","overlay-gradient":""},"tablet":{"background-color":"var(--ast-global-color-5)","background-image":"","background-repeat":"repeat","background-position":"center center","background-size":"auto","background-attachment":"scroll","background-type":"","background-media":"","overlay-type":"","overlay-color":"","overlay-opacity":"","overlay-gradient":""},"mobile":{"background-color":"var(--ast-global-color-5)","background-image":"","background-repeat":"repeat","background-position":"center center","background-size":"auto","background-attachment":"scroll","background-type":"","background-media":"","overlay-type":"","overlay-color":"","overlay-opacity":"","overlay-gradient":""}},"footnotes":""},"class_list":["post-1317","page","type-page","status-publish","hentry"],"uagb_featured_image_src":{"full":false,"thumbnail":false,"medium":false,"medium_large":false,"large":false,"1536x1536":false,"2048x2048":false,"awb_sm":false,"awb_md":false,"awb_lg":false,"awb_xl":false},"uagb_author_info":{"display_name":"admin","author_link":"https:\/\/contractmanufacturinglabs.com\/fr\/author\/admin\/"},"uagb_comment_info":0,"uagb_excerpt":null,"_links":{"self":[{"href":"https:\/\/contractmanufacturinglabs.com\/fr\/wp-json\/wp\/v2\/pages\/1317","targetHints":{"allow":["GET"]}}],"collection":[{"href":"https:\/\/contractmanufacturinglabs.com\/fr\/wp-json\/wp\/v2\/pages"}],"about":[{"href":"https:\/\/contractmanufacturinglabs.com\/fr\/wp-json\/wp\/v2\/types\/page"}],"author":[{"embeddable":true,"href":"https:\/\/contractmanufacturinglabs.com\/fr\/wp-json\/wp\/v2\/users\/1"}],"replies":[{"embeddable":true,"href":"https:\/\/contractmanufacturinglabs.com\/fr\/wp-json\/wp\/v2\/comments?post=1317"}],"version-history":[{"count":6,"href":"https:\/\/contractmanufacturinglabs.com\/fr\/wp-json\/wp\/v2\/pages\/1317\/revisions"}],"predecessor-version":[{"id":1954,"href":"https:\/\/contractmanufacturinglabs.com\/fr\/wp-json\/wp\/v2\/pages\/1317\/revisions\/1954"}],"wp:attachment":[{"href":"https:\/\/contractmanufacturinglabs.com\/fr\/wp-json\/wp\/v2\/media?parent=1317"}],"curies":[{"name":"wp","href":"https:\/\/api.w.org\/{rel}","templated":true}]}}