{"id":1307,"date":"2022-03-15T14:31:06","date_gmt":"2022-03-15T14:31:06","guid":{"rendered":"https:\/\/contractmanufacturinglabs.com\/produits-et-services\/"},"modified":"2025-09-22T15:06:32","modified_gmt":"2025-09-22T15:06:32","slug":"produits-et-services","status":"publish","type":"page","link":"https:\/\/contractmanufacturinglabs.com\/fr\/produits-et-services\/","title":{"rendered":"Produits Et Services"},"content":{"rendered":"\n<div class=\"wp-block-cover alignfull is-light\" style=\"min-height:426px;aspect-ratio:unset;\"><img loading=\"lazy\" decoding=\"async\" width=\"1000\" height=\"450\" class=\"wp-block-cover__image-background wp-image-503\" alt=\"\" src=\"https:\/\/contractmanufacturinglabs.com\/wp-content\/uploads\/2022\/03\/services.jpg\" style=\"object-position:45% 100%\" data-object-fit=\"cover\" data-object-position=\"45% 100%\" srcset=\"https:\/\/contractmanufacturinglabs.com\/wp-content\/uploads\/2022\/03\/services.jpg 1000w, https:\/\/contractmanufacturinglabs.com\/wp-content\/uploads\/2022\/03\/services-300x135.jpg 300w, https:\/\/contractmanufacturinglabs.com\/wp-content\/uploads\/2022\/03\/services-768x346.jpg 768w, https:\/\/contractmanufacturinglabs.com\/wp-content\/uploads\/2022\/03\/services-500x225.jpg 500w, https:\/\/contractmanufacturinglabs.com\/wp-content\/uploads\/2022\/03\/services-800x360.jpg 800w, https:\/\/contractmanufacturinglabs.com\/wp-content\/uploads\/2022\/03\/services-600x270.jpg 600w\" sizes=\"auto, (max-width: 1000px) 100vw, 1000px\" \/><span aria-hidden=\"true\" class=\"wp-block-cover__background has-ast-global-color-4-background-color has-background-dim-30 has-background-dim\"><\/span><div class=\"wp-block-cover__inner-container is-layout-flow wp-block-cover-is-layout-flow\">\n<h2 class=\"wp-block-heading ghostkit-custom-gGCF1 has-text-color\" style=\"color:#575757;font-size:30px\"><strong>PRODUITS ET SERVICES<\/strong><\/h2>\n<\/div><\/div>\n\n\n\n<section class=\"wp-block-uagb-section uagb-section__wrap uagb-section__background-undefined alignfull uagb-block-4174e9d0\"><div class=\"uagb-section__overlay\"><\/div><div class=\"uagb-section__inner-wrap\">\n<section class=\"wp-block-uagb-section uagb-section__wrap uagb-section__background-color uagb-block-e2dfee04 eds-on-scroll eds-scroll-visible animated duration1 fadeInBig\"><div class=\"uagb-section__overlay\"><\/div><div class=\"uagb-section__inner-wrap\">\n<h3 class=\"wp-block-heading has-text-align-center animated fadeIn delay1 duration2\">Votre fabricant pour:<\/h3>\n\n\n\n<h3 class=\"wp-block-heading has-text-align-center animated fadeIn delay1 duration2\">M\u00e9langes &#8211; Grands Pots &#8211; G\u00e9lules \u2013 Comprim\u00e9s \u2013 Blisters &#8211; Piluliers Et Conditionnement <\/h3>\n\n\n\n<p class=\"has-text-align-center animated fadeIn delay1 duration2\">Notre laboratoire vous propose une large gamme de services, g\u00e9lules, comprim\u00e9s, blisters, piluliers et conditionnement. Notre site de production \u00e0 Barcelone regroupe nos machines automatiques et semi-automatiques, pour des offres \u00e9tudi\u00e9es au plus pr\u00e8s de vos besoins. La Fabrication en Europe vous donne acc\u00e8s \u00e0 une garantie de fiabilit\u00e9 et de grande qualit\u00e9 dans le monde entier. Une ligne de conditionnement automatis\u00e9e vous garantit une offre compl\u00e8te r\u00e9active.<\/p>\n<\/div><\/section>\n\n\n\n<section class=\"wp-block-uagb-columns uagb-columns__wrap uagb-columns__background-color uagb-columns__stack-mobile uagb-columns__valign- uagb-columns__gap-10 align uagb-block-c46ae591 uagb-columns__columns-4 uagb-columns__max_width-custom\"><div class=\"uagb-columns__overlay\"><\/div><div class=\"uagb-columns__inner-wrap uagb-columns__columns-4\">\n<div class=\"wp-block-uagb-column uagb-column__wrap uagb-column__background-undefined uagb-block-e01572a2\"><div class=\"uagb-column__overlay\"><\/div>\n<div class=\"wp-block-uagb-info-box uagb-block-81b9c005 uagb-infobox__content-wrap  uagb-infobox-icon-above-title uagb-infobox-image-valign-top animated fadeInUpBig delay2 duration2\"><div class=\"uagb-ifb-content\"><div class=\"uagb-ifb-image-content\"><img decoding=\"async\" src=\"https:\/\/contractmanufacturinglabs.com\/wp-content\/uploads\/2022\/03\/BLEND-1.svg\" alt=\"\" width=\"100\" height=\"100\" loading=\"lazy\"\/><\/div><div class=\"uagb-ifb-title-wrap\"><h5 class=\"uagb-ifb-title\">M\u00e9langes<\/h5><\/div><p class=\"uagb-ifb-desc\">Nous pouvons m\u00e9langer des ingr\u00e9dients en diff\u00e9rentes quantit\u00e9s gr\u00e2ce \u00e0 nos m\u00e9langeurs de 20, 50 et 100 L. Nos m\u00e9langeurs \u00e0 la pointe de la technologie rendent le produit final parfait.<\/p><\/div><\/div>\n<\/div>\n\n\n\n<div class=\"wp-block-uagb-column uagb-column__wrap uagb-column__background-undefined uagb-block-4f5ec1ea\"><div class=\"uagb-column__overlay\"><\/div>\n<div class=\"wp-block-uagb-info-box uagb-block-0812a6bd uagb-infobox__content-wrap  uagb-infobox-icon-above-title uagb-infobox-image-valign-top animated fadeInUpBig delay2 duration2\"><div class=\"uagb-ifb-content\"><div class=\"uagb-ifb-image-content\"><img decoding=\"async\" src=\"https:\/\/contractmanufacturinglabs.com\/wp-content\/uploads\/2022\/03\/BIG-BOTTLES-1.svg\" alt=\"\" width=\"100\" height=\"100\" loading=\"lazy\"\/><\/div><div class=\"uagb-ifb-title-wrap\"><h5 class=\"uagb-ifb-title\">Grands Pots<\/h5><\/div><div class=\"uagb-ifb-separator\"><\/div><p class=\"uagb-ifb-desc\">Nous pouvons offrir le service de m\u00e9lange et de remplissage de grandes bouteilles avec l&rsquo;ingr\u00e9dient dont vous avez besoin.<\/p><\/div><\/div>\n<\/div>\n\n\n\n<div class=\"wp-block-uagb-column uagb-column__wrap uagb-column__background-undefined uagb-block-022251fc\"><div class=\"uagb-column__overlay\"><\/div>\n<div class=\"wp-block-uagb-info-box uagb-block-bf018609 uagb-infobox__content-wrap  uagb-infobox-icon-above-title uagb-infobox-image-valign-top animated fadeInUpBig delay2 duration2\"><div class=\"uagb-ifb-content\"><div class=\"uagb-ifb-image-content\"><img decoding=\"async\" src=\"https:\/\/contractmanufacturinglabs.com\/wp-content\/uploads\/2022\/04\/ZIPLOC-BAGS.svg\" alt=\"\" width=\"100\" height=\"100\" loading=\"lazy\"\/><\/div><div class=\"uagb-ifb-title-wrap\"><h5 class=\"uagb-ifb-title\">Doypack<\/h5><\/div><div class=\"uagb-ifb-separator\"><\/div><p class=\"uagb-ifb-desc\">M\u00e9lange des ingr\u00e9dients et remplissage des sacs DOYPACK.<\/p><\/div><\/div>\n<\/div>\n\n\n\n<div class=\"wp-block-uagb-column uagb-column__wrap uagb-column__background-undefined uagb-block-b45866d4\"><div class=\"uagb-column__overlay\"><\/div>\n<div class=\"wp-block-uagb-info-box uagb-block-78147a78 uagb-infobox__content-wrap  uagb-infobox-icon-above-title uagb-infobox-image-valign-top animated fadeInUpBig delay2 duration2\"><div class=\"uagb-ifb-content\"><div class=\"uagb-ifb-image-content\"><img decoding=\"async\" src=\"https:\/\/contractmanufacturinglabs.com\/wp-content\/uploads\/2022\/04\/CASPSULEestrecha.svg\" alt=\"\" width=\"100\" height=\"100\" loading=\"lazy\"\/><\/div><div class=\"uagb-ifb-title-wrap\"><h5 class=\"uagb-ifb-title\">G\u00e9lules<\/h5><\/div><p class=\"uagb-ifb-desc\">Nous disposons de machines semi-automatiques et enti\u00e8rement automatiques pour la fabrication de g\u00e9lules. \u00c0 partir de productions de 25 000 g\u00e9lules jusqu&rsquo;\u00e0 des millions.<\/p><\/div><\/div>\n<\/div>\n<\/div><\/section>\n\n\n\n<section class=\"wp-block-uagb-columns uagb-columns__wrap uagb-columns__background-color uagb-columns__stack-mobile uagb-columns__valign- uagb-columns__gap-10 align uagb-block-0165814e uagb-columns__columns-4 uagb-columns__max_width-custom eds-on-scroll eds-scroll-visible animated duration3 fadeInBig\"><div class=\"uagb-columns__overlay\"><\/div><div class=\"uagb-columns__inner-wrap uagb-columns__columns-4\">\n<div class=\"wp-block-uagb-column uagb-column__wrap uagb-column__background-undefined uagb-block-bf51bb84\"><div class=\"uagb-column__overlay\"><\/div>\n<div class=\"wp-block-uagb-info-box uagb-block-ecf4808c uagb-infobox__content-wrap  uagb-infobox-icon-above-title uagb-infobox-image-valign-top animated fadeInUpBig delay2 duration2 eds-scroll-visible\"><div class=\"uagb-ifb-content\"><div class=\"uagb-ifb-image-content\"><img decoding=\"async\" src=\"https:\/\/contractmanufacturinglabs.com\/wp-content\/uploads\/2022\/04\/TABLET-1.svg\" alt=\"\" width=\"100\" height=\"100\" loading=\"lazy\"\/><\/div><div class=\"uagb-ifb-title-wrap\"><h5 class=\"uagb-ifb-title\">Comprim\u00e9s<\/h5><\/div><p class=\"uagb-ifb-desc\">Nous avons une machine \u00e0 comprim\u00e9s \u00e0 la pointe de la technologie. Totalement automatique. Y compris des fonctionnalit\u00e9s telles que la pr\u00e9-compression pour optimiser les comprim\u00e9s finaux.<\/p><\/div><\/div>\n<\/div>\n\n\n\n<div class=\"wp-block-uagb-column uagb-column__wrap uagb-column__background-undefined uagb-block-1d24fafd\"><div class=\"uagb-column__overlay\"><\/div>\n<div class=\"wp-block-uagb-info-box uagb-block-ac3860b7 uagb-infobox__content-wrap  uagb-infobox-icon-above-title uagb-infobox-image-valign-top animated fadeInUpBig delay2 duration2 eds-scroll-visible\"><div class=\"uagb-ifb-content\"><div class=\"uagb-ifb-image-content\"><img decoding=\"async\" src=\"https:\/\/contractmanufacturinglabs.com\/wp-content\/uploads\/2022\/03\/BOTTLE-1.svg\" alt=\"\" width=\"100\" height=\"100\" loading=\"lazy\"\/><\/div><div class=\"uagb-ifb-title-wrap\"><h5 class=\"uagb-ifb-title\">Piluliers<\/h5><\/div><p class=\"uagb-ifb-desc\">Nous disposons d&rsquo;une ligne de production de ligne d&#8217;embouteillage automatique pour diff\u00e9rentes tailles et diff\u00e9rents types d&#8217;emballages.<\/p><\/div><\/div>\n<\/div>\n\n\n\n<div class=\"wp-block-uagb-column uagb-column__wrap uagb-column__background-undefined uagb-block-209eec0d\"><div class=\"uagb-column__overlay\"><\/div>\n<div class=\"wp-block-uagb-info-box uagb-block-493a2f97 uagb-infobox__content-wrap  uagb-infobox-icon-above-title uagb-infobox-image-valign-top animated fadeInUpBig delay2 duration2 eds-scroll-visible\"><div class=\"uagb-ifb-content\"><div class=\"uagb-ifb-image-content\"><img decoding=\"async\" src=\"https:\/\/contractmanufacturinglabs.com\/wp-content\/uploads\/2022\/03\/BLISTER-1.svg\" alt=\"\" width=\"100\" height=\"100\" loading=\"lazy\"\/><\/div><div class=\"uagb-ifb-title-wrap\"><h5 class=\"uagb-ifb-title\">Blisters<\/h5><\/div><p class=\"uagb-ifb-desc\">Notre ligne blister haute cadence vous offre la possibilit\u00e9 de mettre en blisters vos g\u00e9lules et comprim\u00e9s sous diff\u00e9rents formats : PVC-ALU.<\/p><\/div><\/div>\n<\/div>\n\n\n\n<div class=\"wp-block-uagb-column uagb-column__wrap uagb-column__background-undefined uagb-block-f24cd11e\"><div class=\"uagb-column__overlay\"><\/div>\n<div class=\"wp-block-uagb-info-box uagb-block-4506cba9 uagb-infobox__content-wrap  uagb-infobox-icon-above-title uagb-infobox-image-valign-top animated fadeInUpBig delay2 duration2 eds-scroll-visible\"><div class=\"uagb-ifb-content\"><div class=\"uagb-ifb-image-content\"><img decoding=\"async\" src=\"https:\/\/contractmanufacturinglabs.com\/wp-content\/uploads\/2022\/03\/PACKAGING-1.svg\" alt=\"\" width=\"100\" height=\"100\" loading=\"lazy\"\/><\/div><div class=\"uagb-ifb-title-wrap\"><h5 class=\"uagb-ifb-title\">Conditionnement<\/h5><\/div><p class=\"uagb-ifb-desc\">Nous pouvons proposer diff\u00e9rents types de cartons pour diff\u00e9rents types d&#8217;emballages. Diff\u00e9rentes tailles et diff\u00e9rentes formes. <\/p><\/div><\/div>\n<\/div>\n<\/div><\/section>\n\n\n\n<div style=\"height:42px\" aria-hidden=\"true\" class=\"wp-block-spacer\"><\/div>\n\n\n\n<section class=\"wp-block-uagb-section uagb-section__wrap uagb-section__background-color uagb-block-341503b3\"><div class=\"uagb-section__overlay\"><\/div><div class=\"uagb-section__inner-wrap\">\n<div class=\"wp-block-columns ghostkit-custom-Z1RLpiB is-layout-flex wp-container-core-columns-is-layout-28f84493 wp-block-columns-is-layout-flex\">\n<div class=\"wp-block-column animated fadeIn duration5 eds-on-scroll is-layout-flow wp-block-column-is-layout-flow\">\n<figure class=\"wp-block-embed is-type-video is-provider-youtube wp-block-embed-youtube wp-embed-aspect-16-9 wp-has-aspect-ratio\"><div class=\"wp-block-embed__wrapper\">\n<iframe loading=\"lazy\" title=\"contract\" width=\"500\" height=\"281\" src=\"https:\/\/www.youtube.com\/embed\/hlB_ts3Nu_A?feature=oembed\" frameborder=\"0\" allow=\"accelerometer; autoplay; clipboard-write; encrypted-media; gyroscope; picture-in-picture; web-share\" referrerpolicy=\"strict-origin-when-cross-origin\" allowfullscreen><\/iframe>\n<\/div><\/figure>\n<\/div>\n<\/div>\n<\/div><\/section>\n<\/div><\/section>\n\n\n\n<div class=\"wp-block-cover alignfull is-light\" style=\"min-height:371px;aspect-ratio:unset;\"><img loading=\"lazy\" decoding=\"async\" width=\"1536\" height=\"1024\" class=\"wp-block-cover__image-background wp-image-1135\" alt=\"\" src=\"https:\/\/contractmanufacturinglabs.com\/wp-content\/uploads\/2022\/04\/banner-pie-multicolor3.jpg\" style=\"object-position:49% 77%\" data-object-fit=\"cover\" data-object-position=\"49% 77%\" srcset=\"https:\/\/contractmanufacturinglabs.com\/wp-content\/uploads\/2022\/04\/banner-pie-multicolor3.jpg 1536w, https:\/\/contractmanufacturinglabs.com\/wp-content\/uploads\/2022\/04\/banner-pie-multicolor3-300x200.jpg 300w, https:\/\/contractmanufacturinglabs.com\/wp-content\/uploads\/2022\/04\/banner-pie-multicolor3-1024x683.jpg 1024w, https:\/\/contractmanufacturinglabs.com\/wp-content\/uploads\/2022\/04\/banner-pie-multicolor3-768x512.jpg 768w, https:\/\/contractmanufacturinglabs.com\/wp-content\/uploads\/2022\/04\/banner-pie-multicolor3-500x333.jpg 500w, https:\/\/contractmanufacturinglabs.com\/wp-content\/uploads\/2022\/04\/banner-pie-multicolor3-800x533.jpg 800w, https:\/\/contractmanufacturinglabs.com\/wp-content\/uploads\/2022\/04\/banner-pie-multicolor3-1280x853.jpg 1280w, https:\/\/contractmanufacturinglabs.com\/wp-content\/uploads\/2022\/04\/banner-pie-multicolor3-600x400.jpg 600w\" sizes=\"auto, (max-width: 1536px) 100vw, 1536px\" \/><span aria-hidden=\"true\" class=\"wp-block-cover__background has-ast-global-color-4-background-color has-background-dim\"><\/span><div class=\"wp-block-cover__inner-container is-layout-flow wp-block-cover-is-layout-flow\">\n<h2 class=\"wp-block-heading has-text-align-center has-ast-global-color-2-color has-text-color\">Personnalisez votre produit<\/h2>\n\n\n\n<p class=\"has-text-align-center has-ast-global-color-2-color has-text-color\">Cliquez ici pour recevoir une invitation \u00e0 personnaliser votre produit ! Pilulier, couvercles, \u00e9tiquettes, tout est possible gr\u00e2ce \u00e0 notre configurateur !<\/p>\n\n\n\n<div class=\"wp-block-buttons is-horizontal is-content-justification-center is-layout-flex wp-container-core-buttons-is-layout-03627597 wp-block-buttons-is-layout-flex\">\n<div class=\"wp-block-button\"><a class=\"wp-block-button__link wp-element-button\" href=\"https:\/\/contractmanufacturinglabs.com\/fr\/contacter\/\">Contactez<\/a><\/div>\n<\/div>\n\n\n\n<div style=\"height:230px\" aria-hidden=\"true\" class=\"wp-block-spacer\"><\/div>\n<\/div><\/div>\n","protected":false},"excerpt":{"rendered":"","protected":false},"author":1,"featured_media":0,"parent":0,"menu_order":0,"comment_status":"closed","ping_status":"closed","template":"","meta":{"inline_featured_image":false,"_uag_custom_page_level_css":"","site-sidebar-layout":"default","site-content-layout":"plain-container","ast-site-content-layout":"normal-width-container","site-content-style":"unboxed","site-sidebar-style":"unboxed","ast-global-header-display":"","ast-banner-title-visibility":"","ast-main-header-display":"","ast-hfb-above-header-display":"","ast-hfb-below-header-display":"","ast-hfb-mobile-header-display":"","site-post-title":"disabled","ast-breadcrumbs-content":"","ast-featured-img":"disabled","footer-sml-layout":"","ast-disable-related-posts":"","theme-transparent-header-meta":"default","adv-header-id-meta":"","stick-header-meta":"","header-above-stick-meta":"","header-main-stick-meta":"","header-below-stick-meta":"","astra-migrate-meta-layouts":"set","ast-page-background-enabled":"default","ast-page-background-meta":{"desktop":{"background-color":"","background-image":"","background-repeat":"repeat","background-position":"center center","background-size":"auto","background-attachment":"scroll","background-type":"","background-media":"","overlay-type":"","overlay-color":"","overlay-opacity":"","overlay-gradient":""},"tablet":{"background-color":"","background-image":"","background-repeat":"repeat","background-position":"center center","background-size":"auto","background-attachment":"scroll","background-type":"","background-media":"","overlay-type":"","overlay-color":"","overlay-opacity":"","overlay-gradient":""},"mobile":{"background-color":"","background-image":"","background-repeat":"repeat","background-position":"center center","background-size":"auto","background-attachment":"scroll","background-type":"","background-media":"","overlay-type":"","overlay-color":"","overlay-opacity":"","overlay-gradient":""}},"ast-content-background-meta":{"desktop":{"background-color":"var(--ast-global-color-5)","background-image":"","background-repeat":"repeat","background-position":"center center","background-size":"auto","background-attachment":"scroll","background-type":"","background-media":"","overlay-type":"","overlay-color":"","overlay-opacity":"","overlay-gradient":""},"tablet":{"background-color":"var(--ast-global-color-5)","background-image":"","background-repeat":"repeat","background-position":"center center","background-size":"auto","background-attachment":"scroll","background-type":"","background-media":"","overlay-type":"","overlay-color":"","overlay-opacity":"","overlay-gradient":""},"mobile":{"background-color":"var(--ast-global-color-5)","background-image":"","background-repeat":"repeat","background-position":"center center","background-size":"auto","background-attachment":"scroll","background-type":"","background-media":"","overlay-type":"","overlay-color":"","overlay-opacity":"","overlay-gradient":""}},"footnotes":""},"class_list":["post-1307","page","type-page","status-publish","hentry"],"uagb_featured_image_src":{"full":false,"thumbnail":false,"medium":false,"medium_large":false,"large":false,"1536x1536":false,"2048x2048":false,"awb_sm":false,"awb_md":false,"awb_lg":false,"awb_xl":false},"uagb_author_info":{"display_name":"admin","author_link":"https:\/\/contractmanufacturinglabs.com\/fr\/author\/admin\/"},"uagb_comment_info":0,"uagb_excerpt":null,"_links":{"self":[{"href":"https:\/\/contractmanufacturinglabs.com\/fr\/wp-json\/wp\/v2\/pages\/1307","targetHints":{"allow":["GET"]}}],"collection":[{"href":"https:\/\/contractmanufacturinglabs.com\/fr\/wp-json\/wp\/v2\/pages"}],"about":[{"href":"https:\/\/contractmanufacturinglabs.com\/fr\/wp-json\/wp\/v2\/types\/page"}],"author":[{"embeddable":true,"href":"https:\/\/contractmanufacturinglabs.com\/fr\/wp-json\/wp\/v2\/users\/1"}],"replies":[{"embeddable":true,"href":"https:\/\/contractmanufacturinglabs.com\/fr\/wp-json\/wp\/v2\/comments?post=1307"}],"version-history":[{"count":10,"href":"https:\/\/contractmanufacturinglabs.com\/fr\/wp-json\/wp\/v2\/pages\/1307\/revisions"}],"predecessor-version":[{"id":1946,"href":"https:\/\/contractmanufacturinglabs.com\/fr\/wp-json\/wp\/v2\/pages\/1307\/revisions\/1946"}],"wp:attachment":[{"href":"https:\/\/contractmanufacturinglabs.com\/fr\/wp-json\/wp\/v2\/media?parent=1307"}],"curies":[{"name":"wp","href":"https:\/\/api.w.org\/{rel}","templated":true}]}}