{"id":1657,"date":"2022-03-15T14:34:32","date_gmt":"2022-03-15T14:34:32","guid":{"rendered":"https:\/\/contractmanufacturinglabs.com\/quality\/"},"modified":"2025-12-04T10:41:45","modified_gmt":"2025-12-04T10:41:45","slug":"laboratorio-suplementos-alimenticios-calidad","status":"publish","type":"page","link":"https:\/\/contractmanufacturinglabs.com\/es\/laboratorio-suplementos-alimenticios-calidad\/","title":{"rendered":"Calidad"},"content":{"rendered":"\n<div class=\"wp-block-cover alignfull is-light\" style=\"min-height:425px;aspect-ratio:unset;\"><img loading=\"lazy\" decoding=\"async\" width=\"1000\" height=\"449\" class=\"wp-block-cover__image-background wp-image-592\" alt=\"\" src=\"https:\/\/contractmanufacturinglabs.com\/wp-content\/uploads\/2022\/03\/quality.jpg\" style=\"object-position:53% 57%\" data-object-fit=\"cover\" data-object-position=\"53% 57%\" srcset=\"https:\/\/contractmanufacturinglabs.com\/wp-content\/uploads\/2022\/03\/quality.jpg 1000w, https:\/\/contractmanufacturinglabs.com\/wp-content\/uploads\/2022\/03\/quality-300x135.jpg 300w, https:\/\/contractmanufacturinglabs.com\/wp-content\/uploads\/2022\/03\/quality-768x345.jpg 768w, https:\/\/contractmanufacturinglabs.com\/wp-content\/uploads\/2022\/03\/quality-500x225.jpg 500w, https:\/\/contractmanufacturinglabs.com\/wp-content\/uploads\/2022\/03\/quality-800x359.jpg 800w, https:\/\/contractmanufacturinglabs.com\/wp-content\/uploads\/2022\/03\/quality-600x269.jpg 600w\" sizes=\"auto, (max-width: 1000px) 100vw, 1000px\" \/><span aria-hidden=\"true\" class=\"wp-block-cover__background has-ast-global-color-4-background-color has-background-dim\"><\/span><div class=\"wp-block-cover__inner-container is-layout-flow wp-block-cover-is-layout-flow\">\n<h1 class=\"wp-block-heading ghostkit-custom-2glspR has-text-color\" style=\"color:#575757;font-size:30px\">M\u00c1XIMA CALIDAD EN COMPRIMIDOS, C\u00c1PSULAS Y POLVOS CUMPLIENDO CON LOS ESTANDRES M\u00c1S EXIGENTES<\/h1>\n<\/div><\/div>\n\n\n\n<div style=\"height:42px\" aria-hidden=\"true\" class=\"wp-block-spacer\"><\/div>\n\n\n\n<div class=\"wp-block-media-text alignwide has-media-on-the-right is-stacked-on-mobile is-vertically-aligned-center ghostkit-custom-2wvFzo has-ast-global-color-5-background-color has-background\" style=\"grid-template-columns:auto 30%\"><div class=\"wp-block-media-text__content\">\n<section class=\"wp-block-uagb-section uagb-section__wrap uagb-section__background-undefined uagb-block-e4920727\"><div class=\"uagb-section__overlay\"><\/div><div class=\"uagb-section__inner-wrap\">\n<h3 class=\"wp-block-heading has-text-align-center animated fadeInLeft delay1 duration3 eds-scroll-visible\">Calidad Europea con genes Suizos<\/h3>\n\n\n\n<p><\/p>\n\n\n\n<p class=\"has-text-align-center animated fadeInLeft delay2 duration3 eds-scroll-visible\">Suiza es considerado el pa\u00eds m\u00e1s innovador del mundo y fue donde naci\u00f3 nuestro laboratorio y dimos nuestros primeros pasos, m\u00e1s tarde trasladado a Barcelona. La calidad es el est\u00e1ndar por excelencia. Los complementos alimenticios suizos son probablemente los elaborados con los mejores ingredientes y la mayor calidad del mundo. Fabricar tu producto con nosotros te abrir\u00e1 las puertas a nuevos mercados que demandan alta calidad, convirtiendo tu marca en un referente en el mercado.<\/p>\n<\/div><\/section>\n<\/div><figure class=\"wp-block-media-text__media\"><img loading=\"lazy\" decoding=\"async\" width=\"514\" height=\"360\" src=\"https:\/\/contractmanufacturinglabs.com\/wp-content\/uploads\/2025\/09\/Bureau-Veritas-HACCP.jpg\" alt=\"\" class=\"wp-image-1950 size-full\" srcset=\"https:\/\/contractmanufacturinglabs.com\/wp-content\/uploads\/2025\/09\/Bureau-Veritas-HACCP.jpg 514w, https:\/\/contractmanufacturinglabs.com\/wp-content\/uploads\/2025\/09\/Bureau-Veritas-HACCP-300x210.jpg 300w, https:\/\/contractmanufacturinglabs.com\/wp-content\/uploads\/2025\/09\/Bureau-Veritas-HACCP-500x350.jpg 500w\" sizes=\"auto, (max-width: 514px) 100vw, 514px\" \/><\/figure><\/div>\n\n\n\n<div style=\"height:42px\" aria-hidden=\"true\" class=\"wp-block-spacer\"><\/div>\n\n\n\n<div class=\"wp-block-media-text is-stacked-on-mobile is-vertically-aligned-center ghostkit-custom-NvXg5 has-ast-global-color-5-background-color has-background\" style=\"grid-template-columns:30% auto\"><figure class=\"wp-block-media-text__media\"><img loading=\"lazy\" decoding=\"async\" width=\"814\" height=\"551\" src=\"https:\/\/contractmanufacturinglabs.com\/wp-content\/uploads\/2022\/03\/modif.jpg\" alt=\"\" class=\"wp-image-754 size-full\" srcset=\"https:\/\/contractmanufacturinglabs.com\/wp-content\/uploads\/2022\/03\/modif.jpg 814w, https:\/\/contractmanufacturinglabs.com\/wp-content\/uploads\/2022\/03\/modif-300x203.jpg 300w, https:\/\/contractmanufacturinglabs.com\/wp-content\/uploads\/2022\/03\/modif-768x520.jpg 768w, https:\/\/contractmanufacturinglabs.com\/wp-content\/uploads\/2022\/03\/modif-500x338.jpg 500w, https:\/\/contractmanufacturinglabs.com\/wp-content\/uploads\/2022\/03\/modif-800x542.jpg 800w, https:\/\/contractmanufacturinglabs.com\/wp-content\/uploads\/2022\/03\/modif-600x406.jpg 600w\" sizes=\"auto, (max-width: 814px) 100vw, 814px\" \/><\/figure><div class=\"wp-block-media-text__content\">\n<section class=\"wp-block-uagb-section uagb-section__wrap uagb-section__background-undefined uagb-block-65a46e4f\"><div class=\"uagb-section__overlay\"><\/div><div class=\"uagb-section__inner-wrap\">\n<h3 class=\"wp-block-heading has-text-align-center animated fadeInRight delay3 duration3 eds-scroll-visible\">Mejor abastecimiento<\/h3>\n\n\n\n<p><\/p>\n\n\n\n<p class=\"has-text-align-center animated fadeInRight delay4 duration3 eds-scroll-visible\">Nuestro equipo tiene m\u00e1s de 35 a\u00f1os de experiencia en el campo de los ingredientes. Amino\u00e1cidos, vitaminas, minerales, extractos bot\u00e1nicos secos, as\u00ed como todos los productos innovadores y usados del mercado como Coenzima Q10, melatonina, glutationa, \u00e1cido hialur\u00f3nico\u2026<\/p>\n\n\n\n<p class=\"has-text-align-center animated fadeInRight delay5 duration3 eds-scroll-visible\">Este conocimiento nos permite asesorarte en la elecci\u00f3n de ingredientes, elegir las mejores calidades y los mejores fabricantes, para evitar problemas de disponibilidad, precio y nuevas normativas. Ofrecemos el mejor abastecimiento y lo apoyamos durante todo este proceso.<\/p>\n<\/div><\/section>\n<\/div><\/div>\n\n\n\n<div style=\"height:42px\" aria-hidden=\"true\" class=\"wp-block-spacer\"><\/div>\n\n\n\n<div class=\"wp-block-media-text alignwide has-media-on-the-right is-stacked-on-mobile is-vertically-aligned-center ghostkit-custom-5rNkf has-ast-global-color-5-background-color has-background\" style=\"grid-template-columns:auto 30%\"><div class=\"wp-block-media-text__content\">\n<section class=\"wp-block-uagb-section uagb-section__wrap uagb-section__background-undefined uagb-block-1b9207c6\"><div class=\"uagb-section__overlay\"><\/div><div class=\"uagb-section__inner-wrap\">\n<h3 class=\"wp-block-heading has-text-align-center animated fadeInLeft delay6 duration3 eds-scroll-visible\">Normas de calidad<\/h3>\n\n\n\n<p><\/p>\n\n\n\n<p class=\"has-text-align-center animated fadeInLeft delay7 duration3 eds-scroll-visible\">Nuestras producciones cumplen con los m\u00e1s altos est\u00e1ndares europeos. Nuestros productos cuentan con la garant\u00eda APPCC, s\u00edmbolo de fiabilidad y calidad en todo el mundo. Gracias a la calidad y diversidad de nuestras m\u00e1quinas (autom\u00e1ticas y  semiautom\u00e1ticas), podemos responder a sus solicitudes y proporcionarle complementos alimenticios que se ajusten lo m\u00e1s posible a sus expectativas. Nuestras instalaciones y pr\u00e1cticas, que cumplen con los est\u00e1ndares europeos y APPCC y es por eso que garantizan una producci\u00f3n de la m\u00e1s alta calidad.<\/p>\n<\/div><\/section>\n<\/div><figure class=\"wp-block-media-text__media\"><img loading=\"lazy\" decoding=\"async\" width=\"1000\" height=\"667\" src=\"https:\/\/contractmanufacturinglabs.com\/wp-content\/uploads\/2022\/03\/cientificos.jpg\" alt=\"\" class=\"wp-image-751 size-full\" srcset=\"https:\/\/contractmanufacturinglabs.com\/wp-content\/uploads\/2022\/03\/cientificos.jpg 1000w, https:\/\/contractmanufacturinglabs.com\/wp-content\/uploads\/2022\/03\/cientificos-300x200.jpg 300w, https:\/\/contractmanufacturinglabs.com\/wp-content\/uploads\/2022\/03\/cientificos-768x512.jpg 768w, https:\/\/contractmanufacturinglabs.com\/wp-content\/uploads\/2022\/03\/cientificos-500x334.jpg 500w, https:\/\/contractmanufacturinglabs.com\/wp-content\/uploads\/2022\/03\/cientificos-800x534.jpg 800w, https:\/\/contractmanufacturinglabs.com\/wp-content\/uploads\/2022\/03\/cientificos-600x400.jpg 600w\" sizes=\"auto, (max-width: 1000px) 100vw, 1000px\" \/><\/figure><\/div>\n\n\n\n<div style=\"height:42px\" aria-hidden=\"true\" class=\"wp-block-spacer\"><\/div>\n\n\n\n<div class=\"wp-block-media-text is-stacked-on-mobile is-vertically-aligned-center ghostkit-custom-iXX62 has-ast-global-color-5-background-color has-background\" style=\"grid-template-columns:30% auto\"><figure class=\"wp-block-media-text__media\"><img loading=\"lazy\" decoding=\"async\" width=\"1000\" height=\"667\" src=\"https:\/\/contractmanufacturinglabs.com\/wp-content\/uploads\/2022\/03\/probetas.jpg\" alt=\"\" class=\"wp-image-752 size-full\" srcset=\"https:\/\/contractmanufacturinglabs.com\/wp-content\/uploads\/2022\/03\/probetas.jpg 1000w, https:\/\/contractmanufacturinglabs.com\/wp-content\/uploads\/2022\/03\/probetas-300x200.jpg 300w, https:\/\/contractmanufacturinglabs.com\/wp-content\/uploads\/2022\/03\/probetas-768x512.jpg 768w, https:\/\/contractmanufacturinglabs.com\/wp-content\/uploads\/2022\/03\/probetas-500x334.jpg 500w, https:\/\/contractmanufacturinglabs.com\/wp-content\/uploads\/2022\/03\/probetas-800x534.jpg 800w, https:\/\/contractmanufacturinglabs.com\/wp-content\/uploads\/2022\/03\/probetas-600x400.jpg 600w\" sizes=\"auto, (max-width: 1000px) 100vw, 1000px\" \/><\/figure><div class=\"wp-block-media-text__content\">\n<section class=\"wp-block-uagb-section uagb-section__wrap uagb-section__background-undefined uagb-block-60075cec\"><div class=\"uagb-section__overlay\"><\/div><div class=\"uagb-section__inner-wrap\">\n<h3 class=\"wp-block-heading has-text-align-center animated fadeInRight delay8 duration3 eds-scroll-visible\">Control y an\u00e1lisis<\/h3>\n\n\n\n<p><\/p>\n\n\n\n<p class=\"has-text-align-center animated fadeInRight delay9 duration3 eds-scroll-visible\">Gracias a nuestra experiencia en ingredientes, conocemos todos los an\u00e1lisis esenciales para la elaboraci\u00f3n de complementos alimenticios de calidad. Sabemos controlar nuestras fuentes y fabricantes, solicitar los an\u00e1lisis necesarios: metales pesados, microbiolog\u00eda, concentraci\u00f3n de principios activos. Tambi\u00e9n dominamos nuevos par\u00e1metros que se han vuelto imprescindibles: HAP4 (Hidrocarburos arom\u00e1ticos polic\u00edclicos), \u00f3xido de etileno (ETO) .\u2026<\/p>\n<\/div><\/section>\n<\/div><\/div>\n\n\n\n<div class=\"wp-block-cover alignfull is-light\" style=\"min-height:371px;aspect-ratio:unset;\"><img loading=\"lazy\" decoding=\"async\" width=\"1536\" height=\"1024\" class=\"wp-block-cover__image-background wp-image-1135\" alt=\"\" src=\"https:\/\/contractmanufacturinglabs.com\/wp-content\/uploads\/2022\/04\/banner-pie-multicolor3.jpg\" style=\"object-position:49% 77%\" data-object-fit=\"cover\" data-object-position=\"49% 77%\" srcset=\"https:\/\/contractmanufacturinglabs.com\/wp-content\/uploads\/2022\/04\/banner-pie-multicolor3.jpg 1536w, https:\/\/contractmanufacturinglabs.com\/wp-content\/uploads\/2022\/04\/banner-pie-multicolor3-300x200.jpg 300w, https:\/\/contractmanufacturinglabs.com\/wp-content\/uploads\/2022\/04\/banner-pie-multicolor3-1024x683.jpg 1024w, https:\/\/contractmanufacturinglabs.com\/wp-content\/uploads\/2022\/04\/banner-pie-multicolor3-768x512.jpg 768w, https:\/\/contractmanufacturinglabs.com\/wp-content\/uploads\/2022\/04\/banner-pie-multicolor3-500x333.jpg 500w, https:\/\/contractmanufacturinglabs.com\/wp-content\/uploads\/2022\/04\/banner-pie-multicolor3-800x533.jpg 800w, https:\/\/contractmanufacturinglabs.com\/wp-content\/uploads\/2022\/04\/banner-pie-multicolor3-1280x853.jpg 1280w, https:\/\/contractmanufacturinglabs.com\/wp-content\/uploads\/2022\/04\/banner-pie-multicolor3-600x400.jpg 600w\" sizes=\"auto, (max-width: 1536px) 100vw, 1536px\" \/><span aria-hidden=\"true\" class=\"wp-block-cover__background has-ast-global-color-4-background-color has-background-dim\"><\/span><div class=\"wp-block-cover__inner-container is-layout-flow wp-block-cover-is-layout-flow\">\n<h2 class=\"wp-block-heading has-text-align-center has-ast-global-color-2-color has-text-color\">Personaliza tu producto<\/h2>\n\n\n\n<p class=\"has-text-align-center has-ast-global-color-2-color has-text-color\">\u00a1Haga clic aqu\u00ed para recibir una invitaci\u00f3n para personalizar su producto! Pildoreros, tapas, etiquetas, \u00a1todo es posible gracias a nuestro configurador!<\/p>\n\n\n\n<div class=\"wp-block-buttons is-horizontal is-content-justification-center is-layout-flex wp-container-core-buttons-is-layout-03627597 wp-block-buttons-is-layout-flex\">\n<div class=\"wp-block-button\"><a class=\"wp-block-button__link wp-element-button\" href=\"https:\/\/contractmanufacturinglabs.com\/es\/laboratorio-suplementos-alimenticios-contacto\/\">ContactO<\/a><\/div>\n<\/div>\n\n\n\n<div style=\"height:169px\" aria-hidden=\"true\" class=\"wp-block-spacer\"><\/div>\n<\/div><\/div>\n","protected":false},"excerpt":{"rendered":"","protected":false},"author":1,"featured_media":0,"parent":0,"menu_order":0,"comment_status":"closed","ping_status":"closed","template":"","meta":{"inline_featured_image":false,"_uag_custom_page_level_css":"","site-sidebar-layout":"default","site-content-layout":"plain-container","ast-site-content-layout":"normal-width-container","site-content-style":"unboxed","site-sidebar-style":"unboxed","ast-global-header-display":"","ast-banner-title-visibility":"","ast-main-header-display":"","ast-hfb-above-header-display":"","ast-hfb-below-header-display":"","ast-hfb-mobile-header-display":"","site-post-title":"disabled","ast-breadcrumbs-content":"","ast-featured-img":"disabled","footer-sml-layout":"","ast-disable-related-posts":"","theme-transparent-header-meta":"default","adv-header-id-meta":"","stick-header-meta":"","header-above-stick-meta":"","header-main-stick-meta":"","header-below-stick-meta":"","astra-migrate-meta-layouts":"set","ast-page-background-enabled":"default","ast-page-background-meta":{"desktop":{"background-color":"","background-image":"","background-repeat":"repeat","background-position":"center center","background-size":"auto","background-attachment":"scroll","background-type":"","background-media":"","overlay-type":"","overlay-color":"","overlay-opacity":"","overlay-gradient":""},"tablet":{"background-color":"","background-image":"","background-repeat":"repeat","background-position":"center center","background-size":"auto","background-attachment":"scroll","background-type":"","background-media":"","overlay-type":"","overlay-color":"","overlay-opacity":"","overlay-gradient":""},"mobile":{"background-color":"","background-image":"","background-repeat":"repeat","background-position":"center center","background-size":"auto","background-attachment":"scroll","background-type":"","background-media":"","overlay-type":"","overlay-color":"","overlay-opacity":"","overlay-gradient":""}},"ast-content-background-meta":{"desktop":{"background-color":"var(--ast-global-color-5)","background-image":"","background-repeat":"repeat","background-position":"center center","background-size":"auto","background-attachment":"scroll","background-type":"","background-media":"","overlay-type":"","overlay-color":"","overlay-opacity":"","overlay-gradient":""},"tablet":{"background-color":"var(--ast-global-color-5)","background-image":"","background-repeat":"repeat","background-position":"center center","background-size":"auto","background-attachment":"scroll","background-type":"","background-media":"","overlay-type":"","overlay-color":"","overlay-opacity":"","overlay-gradient":""},"mobile":{"background-color":"var(--ast-global-color-5)","background-image":"","background-repeat":"repeat","background-position":"center center","background-size":"auto","background-attachment":"scroll","background-type":"","background-media":"","overlay-type":"","overlay-color":"","overlay-opacity":"","overlay-gradient":""}},"footnotes":""},"class_list":["post-1657","page","type-page","status-publish","hentry"],"uagb_featured_image_src":{"full":false,"thumbnail":false,"medium":false,"medium_large":false,"large":false,"1536x1536":false,"2048x2048":false,"awb_sm":false,"awb_md":false,"awb_lg":false,"awb_xl":false},"uagb_author_info":{"display_name":"admin","author_link":"https:\/\/contractmanufacturinglabs.com\/es\/author\/admin\/"},"uagb_comment_info":0,"uagb_excerpt":null,"_links":{"self":[{"href":"https:\/\/contractmanufacturinglabs.com\/es\/wp-json\/wp\/v2\/pages\/1657","targetHints":{"allow":["GET"]}}],"collection":[{"href":"https:\/\/contractmanufacturinglabs.com\/es\/wp-json\/wp\/v2\/pages"}],"about":[{"href":"https:\/\/contractmanufacturinglabs.com\/es\/wp-json\/wp\/v2\/types\/page"}],"author":[{"embeddable":true,"href":"https:\/\/contractmanufacturinglabs.com\/es\/wp-json\/wp\/v2\/users\/1"}],"replies":[{"embeddable":true,"href":"https:\/\/contractmanufacturinglabs.com\/es\/wp-json\/wp\/v2\/comments?post=1657"}],"version-history":[{"count":8,"href":"https:\/\/contractmanufacturinglabs.com\/es\/wp-json\/wp\/v2\/pages\/1657\/revisions"}],"predecessor-version":[{"id":1964,"href":"https:\/\/contractmanufacturinglabs.com\/es\/wp-json\/wp\/v2\/pages\/1657\/revisions\/1964"}],"wp:attachment":[{"href":"https:\/\/contractmanufacturinglabs.com\/es\/wp-json\/wp\/v2\/media?parent=1657"}],"curies":[{"name":"wp","href":"https:\/\/api.w.org\/{rel}","templated":true}]}}