{"id":1655,"date":"2022-03-15T14:31:06","date_gmt":"2022-03-15T14:31:06","guid":{"rendered":"https:\/\/contractmanufacturinglabs.com\/products-services\/"},"modified":"2025-12-04T10:34:50","modified_gmt":"2025-12-04T10:34:50","slug":"laboratorio-complementos-alimenticios-capsulas-comprimidos-botes","status":"publish","type":"page","link":"https:\/\/contractmanufacturinglabs.com\/es\/laboratorio-complementos-alimenticios-capsulas-comprimidos-botes\/","title":{"rendered":"Productos &#038; servicios"},"content":{"rendered":"\n<div class=\"wp-block-cover alignfull is-light\" style=\"min-height:426px;aspect-ratio:unset;\"><img loading=\"lazy\" decoding=\"async\" width=\"1000\" height=\"450\" class=\"wp-block-cover__image-background wp-image-503\" alt=\"\" src=\"https:\/\/contractmanufacturinglabs.com\/wp-content\/uploads\/2022\/03\/services.jpg\" style=\"object-position:45% 100%\" data-object-fit=\"cover\" data-object-position=\"45% 100%\" srcset=\"https:\/\/contractmanufacturinglabs.com\/wp-content\/uploads\/2022\/03\/services.jpg 1000w, https:\/\/contractmanufacturinglabs.com\/wp-content\/uploads\/2022\/03\/services-300x135.jpg 300w, https:\/\/contractmanufacturinglabs.com\/wp-content\/uploads\/2022\/03\/services-768x346.jpg 768w, https:\/\/contractmanufacturinglabs.com\/wp-content\/uploads\/2022\/03\/services-500x225.jpg 500w, https:\/\/contractmanufacturinglabs.com\/wp-content\/uploads\/2022\/03\/services-800x360.jpg 800w, https:\/\/contractmanufacturinglabs.com\/wp-content\/uploads\/2022\/03\/services-600x270.jpg 600w\" sizes=\"auto, (max-width: 1000px) 100vw, 1000px\" \/><span aria-hidden=\"true\" class=\"wp-block-cover__background has-ast-global-color-4-background-color has-background-dim-30 has-background-dim\"><\/span><div class=\"wp-block-cover__inner-container is-layout-flow wp-block-cover-is-layout-flow\">\n<h2 class=\"wp-block-heading ghostkit-custom-gGCF1 has-text-color\" style=\"color:#575757;font-size:30px\"><strong>LABORATORIO EXPERTO EN LA FABRICACION DE CAPSULAS Y COMPRIMIDOS DE SUPLEMENTOS ALIMENTICIOS<\/strong><\/h2>\n<\/div><\/div>\n\n\n\n<section class=\"wp-block-uagb-section uagb-section__wrap uagb-section__background-undefined alignfull uagb-block-afc94e29\"><div class=\"uagb-section__overlay\"><\/div><div class=\"uagb-section__inner-wrap\">\n<section class=\"wp-block-uagb-section uagb-section__wrap uagb-section__background-color uagb-block-13bf26c6 eds-on-scroll eds-scroll-visible animated duration1 fadeInBig\"><div class=\"uagb-section__overlay\"><\/div><div class=\"uagb-section__inner-wrap\">\n<h3 class=\"wp-block-heading has-text-align-center animated fadeIn delay1 duration2\">Su fabricante de&#8230;<\/h3>\n\n\n\n<h3 class=\"wp-block-heading has-text-align-center animated fadeIn delay1 duration2\">Mezclas \u2013 Botes grandes \u2013 Doypack &#8211; C\u00e1psulas &#8211; Comprimdos &#8211; Blister &#8211; Botes \u2013 Estuchado<\/h3>\n\n\n\n<p class=\"has-text-align-center animated fadeIn delay1 duration2\">Nuestro laboratorio ofrece una amplia gama de servicios, c\u00e1psulas, comprimidos, blisters, frascos y envases. Le ofrecemos la posibilidad de fabricar sus comprimidos y c\u00e1psulas duras as\u00ed como el embotellado. Fabricaci\u00f3n de alta calidad en Europa. Nuestra l\u00ednea de blister y botella completamente autom\u00e1tica le brinda la posibilidad de un servicio completo y r\u00e1pido con la mejor garant\u00eda de calidad.<\/p>\n<\/div><\/section>\n\n\n\n<section class=\"wp-block-uagb-columns uagb-columns__wrap uagb-columns__background-color uagb-columns__stack-mobile uagb-columns__valign- uagb-columns__gap-10 align uagb-block-9658a983 uagb-columns__columns-4 uagb-columns__max_width-custom\"><div class=\"uagb-columns__overlay\"><\/div><div class=\"uagb-columns__inner-wrap uagb-columns__columns-4\">\n<div class=\"wp-block-uagb-column uagb-column__wrap uagb-column__background-undefined uagb-block-1a304f8a\"><div class=\"uagb-column__overlay\"><\/div>\n<div class=\"wp-block-uagb-info-box uagb-block-d5575570 uagb-infobox__content-wrap  uagb-infobox-icon-above-title uagb-infobox-image-valign-top animated fadeInUpBig delay2 duration2\"><div class=\"uagb-ifb-content\"><div class=\"uagb-ifb-image-content\"><img decoding=\"async\" src=\"https:\/\/contractmanufacturinglabs.com\/wp-content\/uploads\/2022\/03\/BLEND-1.svg\" alt=\"\" width=\"100\" height=\"100\" loading=\"lazy\"\/><\/div><div class=\"uagb-ifb-title-wrap\"><h5 class=\"uagb-ifb-title\">Mezclas<\/h5><\/div><p class=\"uagb-ifb-desc\">Podemos mezclar ingredientes en diferentes cantidades gracias a nuestras batidoras de 20, 50 y 100 L. Nuestras m\u00e1quinas mezcladoras de \u00faltima generaci\u00f3n hacen que el producto final sea perfecto.<\/p><\/div><\/div>\n<\/div>\n\n\n\n<div class=\"wp-block-uagb-column uagb-column__wrap uagb-column__background-undefined uagb-block-977fe17c\"><div class=\"uagb-column__overlay\"><\/div>\n<div class=\"wp-block-uagb-info-box uagb-block-5767125b uagb-infobox__content-wrap  uagb-infobox-icon-above-title uagb-infobox-image-valign-top animated fadeInUpBig delay2 duration2\"><div class=\"uagb-ifb-content\"><div class=\"uagb-ifb-image-content\"><img decoding=\"async\" src=\"https:\/\/contractmanufacturinglabs.com\/wp-content\/uploads\/2022\/03\/BIG-BOTTLES-1.svg\" alt=\"\" width=\"100\" height=\"100\" loading=\"lazy\"\/><\/div><div class=\"uagb-ifb-title-wrap\"><h5 class=\"uagb-ifb-title\">Botes grandes<\/h5><\/div><div class=\"uagb-ifb-separator\"><\/div><p class=\"uagb-ifb-desc\">Podemos ofrecerte el servicio de mezclar y llenar botellones con el ingrediente que necesites.<\/p><\/div><\/div>\n<\/div>\n\n\n\n<div class=\"wp-block-uagb-column uagb-column__wrap uagb-column__background-undefined uagb-block-6246e958\"><div class=\"uagb-column__overlay\"><\/div>\n<div class=\"wp-block-uagb-info-box uagb-block-464e7223 uagb-infobox__content-wrap  uagb-infobox-icon-above-title uagb-infobox-image-valign-top animated fadeInUpBig delay2 duration2\"><div class=\"uagb-ifb-content\"><div class=\"uagb-ifb-image-content\"><img decoding=\"async\" src=\"https:\/\/contractmanufacturinglabs.com\/wp-content\/uploads\/2022\/04\/ZIPLOC-BAGS.svg\" alt=\"\" width=\"100\" height=\"100\" loading=\"lazy\"\/><\/div><div class=\"uagb-ifb-title-wrap\"><h5 class=\"uagb-ifb-title\">Doypacks<\/h5><\/div><div class=\"uagb-ifb-separator\"><\/div><p class=\"uagb-ifb-desc\">Mezcla de ingredientes y llenado de bolsas ZIPLOC.<\/p><\/div><\/div>\n<\/div>\n\n\n\n<div class=\"wp-block-uagb-column uagb-column__wrap uagb-column__background-undefined uagb-block-610ae794\"><div class=\"uagb-column__overlay\"><\/div>\n<div class=\"wp-block-uagb-info-box uagb-block-e44a950d uagb-infobox__content-wrap  uagb-infobox-icon-above-title uagb-infobox-image-valign-top animated fadeInUpBig delay2 duration2\"><div class=\"uagb-ifb-content\"><div class=\"uagb-ifb-image-content\"><img decoding=\"async\" src=\"https:\/\/contractmanufacturinglabs.com\/wp-content\/uploads\/2022\/04\/CASPSULEestrecha.svg\" alt=\"\" width=\"100\" height=\"100\" loading=\"lazy\"\/><\/div><div class=\"uagb-ifb-title-wrap\"><h5 class=\"uagb-ifb-title\">C\u00e1psulas<\/h5><\/div><p class=\"uagb-ifb-desc\">Disponemos de m\u00e1quinas semiautom\u00e1ticas y totalmente autom\u00e1ticas para la fabricaci\u00f3n de c\u00e1psulas duras. Empezando en producciones desde 25.000 c\u00e1psulas hasta millones.<\/p><\/div><\/div>\n<\/div>\n<\/div><\/section>\n\n\n\n<section class=\"wp-block-uagb-columns uagb-columns__wrap uagb-columns__background-color uagb-columns__stack-mobile uagb-columns__valign- uagb-columns__gap-10 align uagb-block-9bbc68b1 uagb-columns__columns-4 uagb-columns__max_width-custom eds-on-scroll eds-scroll-visible animated duration3 fadeInBig\"><div class=\"uagb-columns__overlay\"><\/div><div class=\"uagb-columns__inner-wrap uagb-columns__columns-4\">\n<div class=\"wp-block-uagb-column uagb-column__wrap uagb-column__background-undefined uagb-block-48b3dd25\"><div class=\"uagb-column__overlay\"><\/div>\n<div class=\"wp-block-uagb-info-box uagb-block-22dce1d3 uagb-infobox__content-wrap  uagb-infobox-icon-above-title uagb-infobox-image-valign-top animated fadeInUpBig delay2 duration2 eds-scroll-visible\"><div class=\"uagb-ifb-content\"><div class=\"uagb-ifb-image-content\"><img decoding=\"async\" src=\"https:\/\/contractmanufacturinglabs.com\/wp-content\/uploads\/2022\/04\/TABLET-1.svg\" alt=\"\" width=\"100\" height=\"100\" loading=\"lazy\"\/><\/div><div class=\"uagb-ifb-title-wrap\"><h5 class=\"uagb-ifb-title\">Comprimidos<\/h5><\/div><p class=\"uagb-ifb-desc\">Contamos con m\u00e1quinas de comprimidos de \u00faltima generaci\u00f3n. Completamente autom\u00e1tico. Incluyendo funcionalidades como la pre-compresi\u00f3n para optimizar las tabletas finales.<\/p><\/div><\/div>\n<\/div>\n\n\n\n<div class=\"wp-block-uagb-column uagb-column__wrap uagb-column__background-undefined uagb-block-dbf174a4\"><div class=\"uagb-column__overlay\"><\/div>\n<div class=\"wp-block-uagb-info-box uagb-block-e894e9a5 uagb-infobox__content-wrap  uagb-infobox-icon-above-title uagb-infobox-image-valign-top animated fadeInUpBig delay2 duration2 eds-scroll-visible\"><div class=\"uagb-ifb-content\"><div class=\"uagb-ifb-image-content\"><img decoding=\"async\" src=\"https:\/\/contractmanufacturinglabs.com\/wp-content\/uploads\/2022\/03\/BOTTLE-1.svg\" alt=\"\" width=\"100\" height=\"100\" loading=\"lazy\"\/><\/div><div class=\"uagb-ifb-title-wrap\"><h5 class=\"uagb-ifb-title\">Botes<\/h5><\/div><p class=\"uagb-ifb-desc\">Disponemos de una l\u00ednea de producci\u00f3n de l\u00ednea de embotellado autom\u00e1tico para diferentes tama\u00f1os y diferentes tipos de envases.<\/p><\/div><\/div>\n<\/div>\n\n\n\n<div class=\"wp-block-uagb-column uagb-column__wrap uagb-column__background-undefined uagb-block-e151d1e0\"><div class=\"uagb-column__overlay\"><\/div>\n<div class=\"wp-block-uagb-info-box uagb-block-99918833 uagb-infobox__content-wrap  uagb-infobox-icon-above-title uagb-infobox-image-valign-top animated fadeInUpBig delay2 duration2 eds-scroll-visible\"><div class=\"uagb-ifb-content\"><div class=\"uagb-ifb-image-content\"><img decoding=\"async\" src=\"https:\/\/contractmanufacturinglabs.com\/wp-content\/uploads\/2022\/03\/BLISTER-1.svg\" alt=\"\" width=\"100\" height=\"100\" loading=\"lazy\"\/><\/div><div class=\"uagb-ifb-title-wrap\"><h5 class=\"uagb-ifb-title\">Blister<\/h5><\/div><p class=\"uagb-ifb-desc\">Nuestra l\u00ednea de bl\u00edster de alta velocidad te ofrece la posibilidad de bl\u00edster de tus c\u00e1psulas y comprimidos en diferentes formatos: PVC-ALU.<\/p><\/div><\/div>\n<\/div>\n\n\n\n<div class=\"wp-block-uagb-column uagb-column__wrap uagb-column__background-undefined uagb-block-36e8d8f8\"><div class=\"uagb-column__overlay\"><\/div>\n<div class=\"wp-block-uagb-info-box uagb-block-c07d68d8 uagb-infobox__content-wrap  uagb-infobox-icon-above-title uagb-infobox-image-valign-top animated fadeInUpBig delay2 duration2 eds-scroll-visible\"><div class=\"uagb-ifb-content\"><div class=\"uagb-ifb-image-content\"><img decoding=\"async\" src=\"https:\/\/contractmanufacturinglabs.com\/wp-content\/uploads\/2022\/03\/PACKAGING-1.svg\" alt=\"\" width=\"100\" height=\"100\" loading=\"lazy\"\/><\/div><div class=\"uagb-ifb-title-wrap\"><h5 class=\"uagb-ifb-title\">Estuchado<\/h5><\/div><p class=\"uagb-ifb-desc\">Podemos ofrecer diferentes tipos de estuches para diferentes tipos de embalaje. Diferentes tama\u00f1os y diferentes formas.<\/p><\/div><\/div>\n<\/div>\n<\/div><\/section>\n\n\n\n<div style=\"height:42px\" aria-hidden=\"true\" class=\"wp-block-spacer\"><\/div>\n\n\n\n<section class=\"wp-block-uagb-section uagb-section__wrap uagb-section__background-color uagb-block-4e008f11\"><div class=\"uagb-section__overlay\"><\/div><div class=\"uagb-section__inner-wrap\">\n<div class=\"wp-block-columns ghostkit-custom-Z1RLpiB is-layout-flex wp-container-core-columns-is-layout-28f84493 wp-block-columns-is-layout-flex\">\n<div class=\"wp-block-column animated fadeIn duration5 eds-on-scroll is-layout-flow wp-block-column-is-layout-flow\">\n<figure class=\"wp-block-embed is-type-video is-provider-youtube wp-block-embed-youtube wp-embed-aspect-16-9 wp-has-aspect-ratio\"><div class=\"wp-block-embed__wrapper\">\n<iframe loading=\"lazy\" title=\"contract\" width=\"500\" height=\"281\" src=\"https:\/\/www.youtube.com\/embed\/hlB_ts3Nu_A?feature=oembed\" frameborder=\"0\" allow=\"accelerometer; autoplay; clipboard-write; encrypted-media; gyroscope; picture-in-picture; web-share\" referrerpolicy=\"strict-origin-when-cross-origin\" allowfullscreen><\/iframe>\n<\/div><\/figure>\n<\/div>\n<\/div>\n<\/div><\/section>\n<\/div><\/section>\n\n\n\n<div class=\"wp-block-cover alignfull is-light\" style=\"min-height:371px;aspect-ratio:unset;\"><img loading=\"lazy\" decoding=\"async\" width=\"1536\" height=\"1024\" class=\"wp-block-cover__image-background wp-image-1135\" alt=\"\" src=\"https:\/\/contractmanufacturinglabs.com\/wp-content\/uploads\/2022\/04\/banner-pie-multicolor3.jpg\" style=\"object-position:49% 77%\" data-object-fit=\"cover\" data-object-position=\"49% 77%\" srcset=\"https:\/\/contractmanufacturinglabs.com\/wp-content\/uploads\/2022\/04\/banner-pie-multicolor3.jpg 1536w, https:\/\/contractmanufacturinglabs.com\/wp-content\/uploads\/2022\/04\/banner-pie-multicolor3-300x200.jpg 300w, https:\/\/contractmanufacturinglabs.com\/wp-content\/uploads\/2022\/04\/banner-pie-multicolor3-1024x683.jpg 1024w, https:\/\/contractmanufacturinglabs.com\/wp-content\/uploads\/2022\/04\/banner-pie-multicolor3-768x512.jpg 768w, https:\/\/contractmanufacturinglabs.com\/wp-content\/uploads\/2022\/04\/banner-pie-multicolor3-500x333.jpg 500w, https:\/\/contractmanufacturinglabs.com\/wp-content\/uploads\/2022\/04\/banner-pie-multicolor3-800x533.jpg 800w, https:\/\/contractmanufacturinglabs.com\/wp-content\/uploads\/2022\/04\/banner-pie-multicolor3-1280x853.jpg 1280w, https:\/\/contractmanufacturinglabs.com\/wp-content\/uploads\/2022\/04\/banner-pie-multicolor3-600x400.jpg 600w\" sizes=\"auto, (max-width: 1536px) 100vw, 1536px\" \/><span aria-hidden=\"true\" class=\"wp-block-cover__background has-ast-global-color-4-background-color has-background-dim\"><\/span><div class=\"wp-block-cover__inner-container is-layout-flow wp-block-cover-is-layout-flow\">\n<h2 class=\"wp-block-heading has-text-align-center has-ast-global-color-2-color has-text-color\">Personaliza tu producto<\/h2>\n\n\n\n<p class=\"has-text-align-center has-ast-global-color-2-color has-text-color\">\u00a1Haga clic aqu\u00ed para recibir una invitaci\u00f3n para personalizar su producto! Pildoreros, tapas, etiquetas, \u00a1todo es posible gracias a nuestro configurador!<\/p>\n\n\n\n<div class=\"wp-block-buttons is-horizontal is-content-justification-center is-layout-flex wp-container-core-buttons-is-layout-03627597 wp-block-buttons-is-layout-flex\">\n<div class=\"wp-block-button\"><a class=\"wp-block-button__link wp-element-button\" href=\"https:\/\/contractmanufacturinglabs.com\/es\/laboratorio-suplementos-alimenticios-contacto\/\">ContactO<\/a><\/div>\n<\/div>\n\n\n\n<div style=\"height:230px\" aria-hidden=\"true\" class=\"wp-block-spacer\"><\/div>\n<\/div><\/div>\n","protected":false},"excerpt":{"rendered":"","protected":false},"author":1,"featured_media":0,"parent":0,"menu_order":0,"comment_status":"closed","ping_status":"closed","template":"","meta":{"inline_featured_image":false,"_uag_custom_page_level_css":"","site-sidebar-layout":"default","site-content-layout":"plain-container","ast-site-content-layout":"normal-width-container","site-content-style":"unboxed","site-sidebar-style":"unboxed","ast-global-header-display":"","ast-banner-title-visibility":"","ast-main-header-display":"","ast-hfb-above-header-display":"","ast-hfb-below-header-display":"","ast-hfb-mobile-header-display":"","site-post-title":"disabled","ast-breadcrumbs-content":"","ast-featured-img":"disabled","footer-sml-layout":"","ast-disable-related-posts":"","theme-transparent-header-meta":"default","adv-header-id-meta":"","stick-header-meta":"","header-above-stick-meta":"","header-main-stick-meta":"","header-below-stick-meta":"","astra-migrate-meta-layouts":"set","ast-page-background-enabled":"default","ast-page-background-meta":{"desktop":{"background-color":"","background-image":"","background-repeat":"repeat","background-position":"center center","background-size":"auto","background-attachment":"scroll","background-type":"","background-media":"","overlay-type":"","overlay-color":"","overlay-opacity":"","overlay-gradient":""},"tablet":{"background-color":"","background-image":"","background-repeat":"repeat","background-position":"center center","background-size":"auto","background-attachment":"scroll","background-type":"","background-media":"","overlay-type":"","overlay-color":"","overlay-opacity":"","overlay-gradient":""},"mobile":{"background-color":"","background-image":"","background-repeat":"repeat","background-position":"center center","background-size":"auto","background-attachment":"scroll","background-type":"","background-media":"","overlay-type":"","overlay-color":"","overlay-opacity":"","overlay-gradient":""}},"ast-content-background-meta":{"desktop":{"background-color":"var(--ast-global-color-5)","background-image":"","background-repeat":"repeat","background-position":"center center","background-size":"auto","background-attachment":"scroll","background-type":"","background-media":"","overlay-type":"","overlay-color":"","overlay-opacity":"","overlay-gradient":""},"tablet":{"background-color":"var(--ast-global-color-5)","background-image":"","background-repeat":"repeat","background-position":"center center","background-size":"auto","background-attachment":"scroll","background-type":"","background-media":"","overlay-type":"","overlay-color":"","overlay-opacity":"","overlay-gradient":""},"mobile":{"background-color":"var(--ast-global-color-5)","background-image":"","background-repeat":"repeat","background-position":"center center","background-size":"auto","background-attachment":"scroll","background-type":"","background-media":"","overlay-type":"","overlay-color":"","overlay-opacity":"","overlay-gradient":""}},"footnotes":""},"class_list":["post-1655","page","type-page","status-publish","hentry"],"uagb_featured_image_src":{"full":false,"thumbnail":false,"medium":false,"medium_large":false,"large":false,"1536x1536":false,"2048x2048":false,"awb_sm":false,"awb_md":false,"awb_lg":false,"awb_xl":false},"uagb_author_info":{"display_name":"admin","author_link":"https:\/\/contractmanufacturinglabs.com\/es\/author\/admin\/"},"uagb_comment_info":0,"uagb_excerpt":null,"_links":{"self":[{"href":"https:\/\/contractmanufacturinglabs.com\/es\/wp-json\/wp\/v2\/pages\/1655","targetHints":{"allow":["GET"]}}],"collection":[{"href":"https:\/\/contractmanufacturinglabs.com\/es\/wp-json\/wp\/v2\/pages"}],"about":[{"href":"https:\/\/contractmanufacturinglabs.com\/es\/wp-json\/wp\/v2\/types\/page"}],"author":[{"embeddable":true,"href":"https:\/\/contractmanufacturinglabs.com\/es\/wp-json\/wp\/v2\/users\/1"}],"replies":[{"embeddable":true,"href":"https:\/\/contractmanufacturinglabs.com\/es\/wp-json\/wp\/v2\/comments?post=1655"}],"version-history":[{"count":10,"href":"https:\/\/contractmanufacturinglabs.com\/es\/wp-json\/wp\/v2\/pages\/1655\/revisions"}],"predecessor-version":[{"id":1962,"href":"https:\/\/contractmanufacturinglabs.com\/es\/wp-json\/wp\/v2\/pages\/1655\/revisions\/1962"}],"wp:attachment":[{"href":"https:\/\/contractmanufacturinglabs.com\/es\/wp-json\/wp\/v2\/media?parent=1655"}],"curies":[{"name":"wp","href":"https:\/\/api.w.org\/{rel}","templated":true}]}}