{"id":1653,"date":"2020-08-20T10:02:41","date_gmt":"2020-08-20T10:02:41","guid":{"rendered":"https:\/\/contractmanufacturinglabs.com\/about-us\/"},"modified":"2025-12-04T10:33:01","modified_gmt":"2025-12-04T10:33:01","slug":"laboratorio-complementos-alimenticios-europeo","status":"publish","type":"page","link":"https:\/\/contractmanufacturinglabs.com\/es\/laboratorio-complementos-alimenticios-europeo\/","title":{"rendered":"Sobre nosotros"},"content":{"rendered":"\n<div class=\"wp-block-cover alignfull is-light\" style=\"min-height:425px;aspect-ratio:unset;\"><img loading=\"lazy\" decoding=\"async\" width=\"1000\" height=\"667\" class=\"wp-block-cover__image-background wp-image-664\" alt=\"\" src=\"https:\/\/contractmanufacturinglabs.com\/wp-content\/uploads\/2022\/03\/cientifico.jpg\" style=\"object-position:48% 26%\" data-object-fit=\"cover\" data-object-position=\"48% 26%\" srcset=\"https:\/\/contractmanufacturinglabs.com\/wp-content\/uploads\/2022\/03\/cientifico.jpg 1000w, https:\/\/contractmanufacturinglabs.com\/wp-content\/uploads\/2022\/03\/cientifico-300x200.jpg 300w, https:\/\/contractmanufacturinglabs.com\/wp-content\/uploads\/2022\/03\/cientifico-768x512.jpg 768w, https:\/\/contractmanufacturinglabs.com\/wp-content\/uploads\/2022\/03\/cientifico-500x334.jpg 500w, https:\/\/contractmanufacturinglabs.com\/wp-content\/uploads\/2022\/03\/cientifico-800x534.jpg 800w, https:\/\/contractmanufacturinglabs.com\/wp-content\/uploads\/2022\/03\/cientifico-600x400.jpg 600w\" sizes=\"auto, (max-width: 1000px) 100vw, 1000px\" \/><span aria-hidden=\"true\" class=\"wp-block-cover__background has-ast-global-color-4-background-color has-background-dim\"><\/span><div class=\"wp-block-cover__inner-container is-layout-flow wp-block-cover-is-layout-flow\">\n<h1 class=\"wp-block-heading ghostkit-custom-ZA69k has-text-color\" style=\"color:#575757;font-size:30px\"><strong>SU LABORATORIO EUROPEO DE SUPLEMENTOS ALIMENTICIOS DE ALTA CALIDA NACIDO EN SUIZA<\/strong><\/h1>\n<\/div><\/div>\n\n\n\n<section class=\"wp-block-uagb-section uagb-section__wrap uagb-section__background-undefined alignfull uagb-block-e2f10bdb\"><div class=\"uagb-section__overlay\"><\/div><div class=\"uagb-section__inner-wrap\">\n<div class=\"wp-block-columns has-ast-global-color-5-background-color has-background is-layout-flex wp-container-core-columns-is-layout-28f84493 wp-block-columns-is-layout-flex\">\n<div class=\"wp-block-column is-layout-flow wp-block-column-is-layout-flow\" style=\"flex-basis:33.33%\">\n<figure class=\"ghostkit-image-compare ghostkit-custom-Z1E91Wk ghostkit-custom-Z1E91Wk\"><div class=\"ghostkit-image-compare-images\"><div class=\"ghostkit-image-compare-image-before\"><img loading=\"lazy\" decoding=\"async\" src=\"https:\/\/contractmanufacturinglabs.com\/wp-content\/uploads\/2022\/03\/fuente2.jpg\" alt=\"\" class=\"wp-image-1569\" width=\"431\" height=\"542\" srcset=\"https:\/\/contractmanufacturinglabs.com\/wp-content\/uploads\/2022\/03\/fuente2.jpg 431w, https:\/\/contractmanufacturinglabs.com\/wp-content\/uploads\/2022\/03\/fuente2-239x300.jpg 239w\" sizes=\"auto, (max-width: 431px) 100vw, 431px\" \/><\/div><div class=\"ghostkit-image-compare-image-after\"><img loading=\"lazy\" decoding=\"async\" src=\"https:\/\/contractmanufacturinglabs.com\/wp-content\/uploads\/2025\/09\/sagrada-familia-barcelona-of-the-passion-f__94587-701x1024.jpg\" alt=\"\" class=\"wp-image-1877\" width=\"701\" height=\"1024\" srcset=\"https:\/\/contractmanufacturinglabs.com\/wp-content\/uploads\/2025\/09\/sagrada-familia-barcelona-of-the-passion-f__94587-701x1024.jpg 701w, https:\/\/contractmanufacturinglabs.com\/wp-content\/uploads\/2025\/09\/sagrada-familia-barcelona-of-the-passion-f__94587-205x300.jpg 205w, https:\/\/contractmanufacturinglabs.com\/wp-content\/uploads\/2025\/09\/sagrada-familia-barcelona-of-the-passion-f__94587-768x1122.jpg 768w, https:\/\/contractmanufacturinglabs.com\/wp-content\/uploads\/2025\/09\/sagrada-familia-barcelona-of-the-passion-f__94587-600x877.jpg 600w, https:\/\/contractmanufacturinglabs.com\/wp-content\/uploads\/2025\/09\/sagrada-familia-barcelona-of-the-passion-f__94587-500x731.jpg 500w, https:\/\/contractmanufacturinglabs.com\/wp-content\/uploads\/2025\/09\/sagrada-familia-barcelona-of-the-passion-f__94587.jpg 800w\" sizes=\"auto, (max-width: 701px) 100vw, 701px\" \/><\/div><div class=\"ghostkit-image-compare-images-divider\"><div class=\"ghostkit-image-compare-images-divider-button-arrow-left\"><svg class=\"ghostkit-svg-icon\" width=\"24\" height=\"24\" viewBox=\"0 0 24 24\" fill=\"none\" xmlns=\"http:\/\/www.w3.org\/2000\/svg\"><path d=\"M14.7803 17.7803C14.4874 18.0732 14.0126 18.0732 13.7197 17.7803L8.4697 12.5303C8.1768 12.2374 8.1768 11.7626 8.4697 11.4697L13.7197 6.21967C14.0126 5.92678 14.4874 5.92678 14.7803 6.21967C15.0732 6.51256 15.0732 6.98744 14.7803 7.28033L10.0607 12L14.7803 16.7197C15.0732 17.0126 15.0732 17.4874 14.7803 17.7803Z\" fill=\"currentColor\"><\/path><\/svg><\/div><div class=\"ghostkit-image-compare-images-divider-button-arrow-right\"><svg class=\"ghostkit-svg-icon\" width=\"24\" height=\"24\" viewBox=\"0 0 24 24\" fill=\"none\" xmlns=\"http:\/\/www.w3.org\/2000\/svg\"><path d=\"M9.21967 6.2197C9.51256 5.9268 9.98744 5.9268 10.2803 6.2197L15.5303 11.4697C15.8232 11.7626 15.8232 12.2374 15.5303 12.5303L10.2803 17.7803C9.98744 18.0732 9.51256 18.0732 9.21967 17.7803C8.92678 17.4874 8.92678 17.0126 9.21967 16.7197L13.9393 12L9.21967 7.2803C8.92678 6.9874 8.92678 6.5126 9.21967 6.2197Z\" fill=\"currentColor\"><\/path><\/svg><\/div><\/div><\/div><\/figure>\n<\/div>\n\n\n\n<div class=\"wp-block-column is-layout-flow wp-block-column-is-layout-flow\" style=\"flex-basis:66.66%\">\n<h3 class=\"wp-block-heading animated fadeInRight duration2 eds-scroll-visible\">Sobre nostros<\/h3>\n\n\n\n<p class=\"animated fadeInRight delay2 duration2 eds-scroll-visible\">Nuestros laboratorios en BARCELONA nacier\u00f3n en SUIZA, m\u00e1s concretamente en GINEBRA, una verdadera garant\u00eda de fiabilidad y calidad en todo el mundo. Nuestros socios log\u00edsticos garantizan una oferta flexible y r\u00e1pida. Disponemos de una l\u00ednea de envasado totalmente automatizada para blister y pildoreros.<\/p>\n\n\n\n<p class=\"animated fadeInRight delay2 duration2 eds-scroll-visible\">Contract Manufacturing Labs tiene una amplia experiencia en materias primas y suplementos diet\u00e9ticos. Desde hace m\u00e1s de 35 a\u00f1os, obtenemos y trabajamos con ingredientes como amino\u00e1cidos, vitaminas, minerales, extractos secos\u2026 Nuestro equipo conoce las dificultades de este sector y de este mercado. Nuestro conocimiento de los problemas relacionados con el precio, la disponibilidad, la calidad y las nuevas regulaciones le brindar\u00e1n las mejores soluciones.<\/p>\n\n\n\n<p class=\"animated fadeInRight delay2 duration2 eds-scroll-visible\">Nuestros laboratorios en Barcelona est\u00e1n dise\u00f1ados para darte una respuesta adecuada y personalizada.<\/p>\n\n\n\n<div class=\"wp-block-buttons is-layout-flex wp-block-buttons-is-layout-flex\">\n<div class=\"wp-block-button animated fadeInRight delay5 duration3 eds-scroll-visible\"><a class=\"wp-block-button__link wp-element-button\" href=\"#icons\">M\u00c1S INFORMACI\u00d3N<\/a><\/div>\n<\/div>\n<\/div>\n<\/div>\n<\/div><\/section>\n\n\n\n<section class=\"wp-block-uagb-section uagb-section__wrap uagb-section__background-undefined alignfull uagb-block-41013539\"><div class=\"uagb-section__overlay\"><\/div><div class=\"uagb-section__inner-wrap\">\n<div class=\"inherit-container-width wp-block-group alignfull ghostkit-custom-2aOs8e has-ast-global-color-5-background-color has-background is-layout-constrained wp-block-group-is-layout-constrained\" id=\"icons\"><div class=\"wp-block-group__inner-container\">\n<div style=\"height:42px\" aria-hidden=\"true\" class=\"wp-block-spacer\"><\/div>\n\n\n\n<figure class=\"wp-block-image aligncenter size-large animated fadeIn duration2 eds-on-scroll\"><img loading=\"lazy\" decoding=\"async\" width=\"1024\" height=\"216\" src=\"https:\/\/contractmanufacturinglabs.com\/wp-content\/uploads\/2022\/03\/esquema98-1024x216.png\" alt=\"\" class=\"wp-image-738\" srcset=\"https:\/\/contractmanufacturinglabs.com\/wp-content\/uploads\/2022\/03\/esquema98-1024x216.png 1024w, https:\/\/contractmanufacturinglabs.com\/wp-content\/uploads\/2022\/03\/esquema98-300x63.png 300w, https:\/\/contractmanufacturinglabs.com\/wp-content\/uploads\/2022\/03\/esquema98-768x162.png 768w, https:\/\/contractmanufacturinglabs.com\/wp-content\/uploads\/2022\/03\/esquema98-500x106.png 500w, https:\/\/contractmanufacturinglabs.com\/wp-content\/uploads\/2022\/03\/esquema98-800x169.png 800w, https:\/\/contractmanufacturinglabs.com\/wp-content\/uploads\/2022\/03\/esquema98-1280x271.png 1280w, https:\/\/contractmanufacturinglabs.com\/wp-content\/uploads\/2022\/03\/esquema98-600x127.png 600w, https:\/\/contractmanufacturinglabs.com\/wp-content\/uploads\/2022\/03\/esquema98.png 1339w\" sizes=\"auto, (max-width: 1024px) 100vw, 1024px\" \/><\/figure>\n\n\n\n<div style=\"height:62px\" aria-hidden=\"true\" class=\"wp-block-spacer\"><\/div>\n\n\n\n<h3 class=\"wp-block-heading animated fadeInLeft duration2 eds-scroll-visible delay2\">Nuestro concepto: respuesta r\u00e1pida y concepto suizo<\/h3>\n\n\n\n<div class=\"wp-block-columns alignfull is-layout-flex wp-container-core-columns-is-layout-28f84493 wp-block-columns-is-layout-flex\">\n<div class=\"wp-block-column is-layout-flow wp-block-column-is-layout-flow\">\n<p>En Contract Manufacturing Labs estamos especializados en peque\u00f1as y medianas producciones. Nuestros laboratorios han sido dise\u00f1ados para brindarle servicios de alta gama. Reactividad, flexibilidad, anticipaci\u00f3n y adaptaci\u00f3n. Soluciones r\u00e1pidas y eficaces. Nuestro equipo cuenta con m\u00e1s de 35 a\u00f1os de experiencia en ingredientes, y nuestra oferta se basa en el mejor abastecimiento y un gran conocimiento de las materias primas.<br>Nos comprometemos a dar una respuesta inmediata a sus solicitudes y apoyarlo durante todo el desarrollo de su producto. Gracias a nuestra experiencia, trabajamos con una gran transparencia con nuestros clientes, y sabemos asesorarlos en cuanto a calidad, regulaci\u00f3n, precio y disponibilidad.<\/p>\n<\/div>\n\n\n\n<div class=\"wp-block-column is-layout-flow wp-block-column-is-layout-flow\">\n<figure class=\"wp-block-image aligncenter size-full is-resized animated fadeIn duration2 eds-on-scroll\"><img loading=\"lazy\" decoding=\"async\" width=\"514\" height=\"360\" src=\"https:\/\/contractmanufacturinglabs.com\/wp-content\/uploads\/2025\/09\/Bureau-Veritas-HACCP.jpg\" alt=\"\" class=\"wp-image-1950\" srcset=\"https:\/\/contractmanufacturinglabs.com\/wp-content\/uploads\/2025\/09\/Bureau-Veritas-HACCP.jpg 514w, https:\/\/contractmanufacturinglabs.com\/wp-content\/uploads\/2025\/09\/Bureau-Veritas-HACCP-300x210.jpg 300w, https:\/\/contractmanufacturinglabs.com\/wp-content\/uploads\/2025\/09\/Bureau-Veritas-HACCP-500x350.jpg 500w\" sizes=\"auto, (max-width: 514px) 100vw, 514px\" \/><\/figure>\n<\/div>\n<\/div>\n<\/div><\/div>\n<\/div><\/section>\n\n\n\n<div class=\"wp-block-cover alignfull is-light\" style=\"min-height:371px;aspect-ratio:unset;\"><img loading=\"lazy\" decoding=\"async\" width=\"1536\" height=\"1024\" class=\"wp-block-cover__image-background wp-image-1135\" alt=\"\" src=\"https:\/\/contractmanufacturinglabs.com\/wp-content\/uploads\/2022\/04\/banner-pie-multicolor3.jpg\" style=\"object-position:49% 77%\" data-object-fit=\"cover\" data-object-position=\"49% 77%\" srcset=\"https:\/\/contractmanufacturinglabs.com\/wp-content\/uploads\/2022\/04\/banner-pie-multicolor3.jpg 1536w, https:\/\/contractmanufacturinglabs.com\/wp-content\/uploads\/2022\/04\/banner-pie-multicolor3-300x200.jpg 300w, https:\/\/contractmanufacturinglabs.com\/wp-content\/uploads\/2022\/04\/banner-pie-multicolor3-1024x683.jpg 1024w, https:\/\/contractmanufacturinglabs.com\/wp-content\/uploads\/2022\/04\/banner-pie-multicolor3-768x512.jpg 768w, https:\/\/contractmanufacturinglabs.com\/wp-content\/uploads\/2022\/04\/banner-pie-multicolor3-500x333.jpg 500w, https:\/\/contractmanufacturinglabs.com\/wp-content\/uploads\/2022\/04\/banner-pie-multicolor3-800x533.jpg 800w, https:\/\/contractmanufacturinglabs.com\/wp-content\/uploads\/2022\/04\/banner-pie-multicolor3-1280x853.jpg 1280w, https:\/\/contractmanufacturinglabs.com\/wp-content\/uploads\/2022\/04\/banner-pie-multicolor3-600x400.jpg 600w\" sizes=\"auto, (max-width: 1536px) 100vw, 1536px\" \/><span aria-hidden=\"true\" class=\"wp-block-cover__background has-ast-global-color-4-background-color has-background-dim\"><\/span><div class=\"wp-block-cover__inner-container is-layout-flow wp-block-cover-is-layout-flow\">\n<h2 class=\"wp-block-heading has-text-align-center has-ast-global-color-2-color has-text-color\">Personaliza tu producto<\/h2>\n\n\n\n<p class=\"has-text-align-center has-ast-global-color-2-color has-text-color\">\u00a1Haga clic aqu\u00ed para recibir una invitaci\u00f3n para personalizar su producto! Pildoreros, tapas, etiquetas, \u00a1todo es posible gracias a nuestro configurador!<\/p>\n\n\n\n<div class=\"wp-block-buttons is-horizontal is-content-justification-center is-layout-flex wp-container-core-buttons-is-layout-03627597 wp-block-buttons-is-layout-flex\">\n<div class=\"wp-block-button\"><a class=\"wp-block-button__link wp-element-button\" href=\"https:\/\/contractmanufacturinglabs.com\/es\/laboratorio-suplementos-alimenticios-contacto\/\">ContactO<\/a><\/div>\n<\/div>\n\n\n\n<div style=\"height:169px\" aria-hidden=\"true\" class=\"wp-block-spacer\"><\/div>\n<\/div><\/div>\n","protected":false},"excerpt":{"rendered":"","protected":false},"author":1,"featured_media":0,"parent":0,"menu_order":0,"comment_status":"closed","ping_status":"closed","template":"","meta":{"inline_featured_image":false,"_uag_custom_page_level_css":"","site-sidebar-layout":"default","site-content-layout":"plain-container","ast-site-content-layout":"normal-width-container","site-content-style":"unboxed","site-sidebar-style":"unboxed","ast-global-header-display":"","ast-banner-title-visibility":"","ast-main-header-display":"","ast-hfb-above-header-display":"","ast-hfb-below-header-display":"","ast-hfb-mobile-header-display":"","site-post-title":"disabled","ast-breadcrumbs-content":"","ast-featured-img":"disabled","footer-sml-layout":"","ast-disable-related-posts":"","theme-transparent-header-meta":"default","adv-header-id-meta":"","stick-header-meta":"","header-above-stick-meta":"","header-main-stick-meta":"","header-below-stick-meta":"","astra-migrate-meta-layouts":"set","ast-page-background-enabled":"default","ast-page-background-meta":{"desktop":{"background-color":"","background-image":"","background-repeat":"repeat","background-position":"center center","background-size":"auto","background-attachment":"scroll","background-type":"","background-media":"","overlay-type":"","overlay-color":"","overlay-opacity":"","overlay-gradient":""},"tablet":{"background-color":"","background-image":"","background-repeat":"repeat","background-position":"center center","background-size":"auto","background-attachment":"scroll","background-type":"","background-media":"","overlay-type":"","overlay-color":"","overlay-opacity":"","overlay-gradient":""},"mobile":{"background-color":"","background-image":"","background-repeat":"repeat","background-position":"center center","background-size":"auto","background-attachment":"scroll","background-type":"","background-media":"","overlay-type":"","overlay-color":"","overlay-opacity":"","overlay-gradient":""}},"ast-content-background-meta":{"desktop":{"background-color":"var(--ast-global-color-5)","background-image":"","background-repeat":"repeat","background-position":"center center","background-size":"auto","background-attachment":"scroll","background-type":"","background-media":"","overlay-type":"","overlay-color":"","overlay-opacity":"","overlay-gradient":""},"tablet":{"background-color":"var(--ast-global-color-5)","background-image":"","background-repeat":"repeat","background-position":"center center","background-size":"auto","background-attachment":"scroll","background-type":"","background-media":"","overlay-type":"","overlay-color":"","overlay-opacity":"","overlay-gradient":""},"mobile":{"background-color":"var(--ast-global-color-5)","background-image":"","background-repeat":"repeat","background-position":"center center","background-size":"auto","background-attachment":"scroll","background-type":"","background-media":"","overlay-type":"","overlay-color":"","overlay-opacity":"","overlay-gradient":""}},"footnotes":""},"class_list":["post-1653","page","type-page","status-publish","hentry"],"uagb_featured_image_src":{"full":false,"thumbnail":false,"medium":false,"medium_large":false,"large":false,"1536x1536":false,"2048x2048":false,"awb_sm":false,"awb_md":false,"awb_lg":false,"awb_xl":false},"uagb_author_info":{"display_name":"admin","author_link":"https:\/\/contractmanufacturinglabs.com\/es\/author\/admin\/"},"uagb_comment_info":0,"uagb_excerpt":null,"_links":{"self":[{"href":"https:\/\/contractmanufacturinglabs.com\/es\/wp-json\/wp\/v2\/pages\/1653","targetHints":{"allow":["GET"]}}],"collection":[{"href":"https:\/\/contractmanufacturinglabs.com\/es\/wp-json\/wp\/v2\/pages"}],"about":[{"href":"https:\/\/contractmanufacturinglabs.com\/es\/wp-json\/wp\/v2\/types\/page"}],"author":[{"embeddable":true,"href":"https:\/\/contractmanufacturinglabs.com\/es\/wp-json\/wp\/v2\/users\/1"}],"replies":[{"embeddable":true,"href":"https:\/\/contractmanufacturinglabs.com\/es\/wp-json\/wp\/v2\/comments?post=1653"}],"version-history":[{"count":10,"href":"https:\/\/contractmanufacturinglabs.com\/es\/wp-json\/wp\/v2\/pages\/1653\/revisions"}],"predecessor-version":[{"id":1961,"href":"https:\/\/contractmanufacturinglabs.com\/es\/wp-json\/wp\/v2\/pages\/1653\/revisions\/1961"}],"wp:attachment":[{"href":"https:\/\/contractmanufacturinglabs.com\/es\/wp-json\/wp\/v2\/media?parent=1653"}],"curies":[{"name":"wp","href":"https:\/\/api.w.org\/{rel}","templated":true}]}}