{"id":1639,"date":"2020-08-20T07:29:55","date_gmt":"2020-08-20T07:29:55","guid":{"rendered":"https:\/\/contractmanufacturinglabs.com\/home\/"},"modified":"2025-09-05T09:34:49","modified_gmt":"2025-09-05T09:34:49","slug":"home","status":"publish","type":"page","link":"https:\/\/contractmanufacturinglabs.com\/es\/","title":{"rendered":"Inicio"},"content":{"rendered":"\n<div class=\"wp-block-cover alignfull is-light\" style=\"min-height:433px;aspect-ratio:unset;\"><span aria-hidden=\"true\" class=\"wp-block-cover__background has-ast-global-color-3-background-color has-background-dim-30 has-background-dim\"><\/span><video class=\"wp-block-cover__video-background intrinsic-ignore\" autoplay muted loop playsinline src=\"https:\/\/contractmanufacturinglabs.com\/wp-content\/uploads\/2022\/03\/contract.mp4\" data-object-fit=\"cover\"><\/video><div class=\"wp-block-cover__inner-container is-layout-flow wp-block-cover-is-layout-flow\">\n<h1 class=\"wp-block-heading ghostkit-custom-19pYe9 has-ast-global-color-5-color has-text-color\" style=\"font-size:30px\"><strong>FABRICANTE PARA TERCEROS<\/strong><br>DE COMPLEMENTOS ALIMENTICIOS, COSMETICOS Y MARCA BLANCA.<\/h1>\n\n\n\n<div class=\"wp-block-buttons is-content-justification-left is-layout-flex wp-container-core-buttons-is-layout-fc4fd283 wp-block-buttons-is-layout-flex\">\n<div class=\"wp-block-button ghostkit-custom-1BeKoc\"><a class=\"wp-block-button__link wp-element-button\" href=\"https:\/\/contractmanufacturinglabs.com\/es\/laboratorio-complementos-alimenticios-europeo\/\">M\u00c1s informaci\u00f3n<\/a><\/div>\n<\/div>\n<\/div><\/div>\n\n\n\n<div style=\"height:42px\" aria-hidden=\"true\" class=\"wp-block-spacer\"><\/div>\n\n\n\n<section class=\"wp-block-uagb-section uagb-section__wrap uagb-section__background-color uagb-block-b868fcad eds-on-scroll eds-scroll-visible animated duration3 fadeInBig\"><div class=\"uagb-section__overlay\"><\/div><div class=\"uagb-section__inner-wrap\">\n<h3 class=\"wp-block-heading has-text-align-center animated fadeIn delay1 duration6\" style=\"font-size:28px\">Lo que hacemos:<br><\/h3>\n\n\n\n<section class=\"wp-block-uagb-columns uagb-columns__wrap uagb-columns__background-none uagb-columns__stack-mobile uagb-columns__valign- uagb-columns__gap-10 align uagb-block-641f9dcc uagb-columns__columns-4 uagb-columns__max_width-theme\"><div class=\"uagb-columns__overlay\"><\/div><div class=\"uagb-columns__inner-wrap uagb-columns__columns-4\">\n<div class=\"wp-block-uagb-column uagb-column__wrap uagb-column__background-undefined uagb-block-04412a94 animated fadeInUpBig duration3\"><div class=\"uagb-column__overlay\"><\/div>\n<div class=\"wp-block-uagb-info-box uagb-block-4e381263 uagb-infobox__content-wrap  uagb-infobox-icon-above-title uagb-infobox-image-valign-middle\"><div class=\"uagb-ifb-content\"><div class=\"uagb-ifb-image-content\"><img decoding=\"async\" src=\"https:\/\/contractmanufacturinglabs.com\/wp-content\/uploads\/2022\/03\/BLEND-1.svg\" alt=\"\" width=\"100\" height=\"100\" loading=\"lazy\"\/><\/div><div class=\"uagb-ifb-title-wrap\"><h5 class=\"uagb-ifb-title\">Mezclas<\/h5><\/div><\/div><\/div>\n<\/div>\n\n\n\n<div class=\"wp-block-uagb-column uagb-column__wrap uagb-column__background-undefined uagb-block-8a98c3d0\"><div class=\"uagb-column__overlay\"><\/div>\n<div class=\"wp-block-uagb-info-box uagb-block-72e1bb1f uagb-infobox__content-wrap  uagb-infobox-icon-above-title uagb-infobox-image-valign-top animated fadeInUpBig duration3\"><div class=\"uagb-ifb-content\"><div class=\"uagb-ifb-image-content\"><img decoding=\"async\" src=\"https:\/\/contractmanufacturinglabs.com\/wp-content\/uploads\/2022\/03\/BIG-BOTTLES-1.svg\" alt=\"\" width=\"100\" height=\"100\" loading=\"lazy\"\/><\/div><div class=\"uagb-ifb-title-wrap\"><h5 class=\"uagb-ifb-title\">Botes<\/h5><\/div><\/div><\/div>\n<\/div>\n\n\n\n<div class=\"wp-block-uagb-column uagb-column__wrap uagb-column__background-undefined uagb-block-0b0ee5c2\"><div class=\"uagb-column__overlay\"><\/div>\n<div class=\"wp-block-uagb-info-box uagb-block-e547c3c0 uagb-infobox__content-wrap  uagb-infobox-icon-above-title uagb-infobox-image-valign-top animated fadeInUpBig duration3\"><div class=\"uagb-ifb-content\"><div class=\"uagb-ifb-image-content\"><img decoding=\"async\" src=\"https:\/\/contractmanufacturinglabs.com\/wp-content\/uploads\/2022\/04\/ZIPLOC-BAGS.svg\" alt=\"\" width=\"100\" height=\"100\" loading=\"lazy\"\/><\/div><div class=\"uagb-ifb-title-wrap\"><h5 class=\"uagb-ifb-title\">Doypack<\/h5><\/div><\/div><\/div>\n<\/div>\n\n\n\n<div class=\"wp-block-uagb-column uagb-column__wrap uagb-column__background-undefined uagb-block-9b2885cd\"><div class=\"uagb-column__overlay\"><\/div>\n<div class=\"wp-block-uagb-info-box uagb-block-c2b9d8e6 uagb-infobox__content-wrap  uagb-infobox-icon-above-title uagb-infobox-image-valign-top animated fadeInUpBig duration3\"><div class=\"uagb-ifb-content\"><div class=\"uagb-ifb-image-content\"><img decoding=\"async\" src=\"https:\/\/contractmanufacturinglabs.com\/wp-content\/uploads\/2022\/04\/CASPSULEestrecha.svg\" alt=\"\" width=\"100\" height=\"100\" loading=\"lazy\"\/><\/div><div class=\"uagb-ifb-title-wrap\"><h5 class=\"uagb-ifb-title\">C\u00e1psulas<\/h5><\/div><\/div><\/div>\n<\/div>\n<\/div><\/section>\n\n\n\n<section class=\"wp-block-uagb-columns uagb-columns__wrap uagb-columns__background-none uagb-columns__stack-mobile uagb-columns__valign- uagb-columns__gap-10 align uagb-block-9dad3964 uagb-columns__columns-4 uagb-columns__max_width-theme\"><div class=\"uagb-columns__overlay\"><\/div><div class=\"uagb-columns__inner-wrap uagb-columns__columns-4\">\n<div class=\"wp-block-uagb-column uagb-column__wrap uagb-column__background-undefined uagb-block-1ec40d53\"><div class=\"uagb-column__overlay\"><\/div>\n<div class=\"wp-block-uagb-info-box uagb-block-4ae31cd9 uagb-infobox__content-wrap  uagb-infobox-icon-above-title uagb-infobox-image-valign-middle animated fadeInUpBig duration3 eds-scroll-visible\"><div class=\"uagb-ifb-content\"><div class=\"uagb-ifb-image-content\"><img decoding=\"async\" src=\"https:\/\/contractmanufacturinglabs.com\/wp-content\/uploads\/2022\/04\/TABLET-1.svg\" alt=\"\" width=\"100\" height=\"100\" loading=\"lazy\"\/><\/div><div class=\"uagb-ifb-title-wrap\"><h5 class=\"uagb-ifb-title\">Comprimidos<\/h5><\/div><\/div><\/div>\n<\/div>\n\n\n\n<div class=\"wp-block-uagb-column uagb-column__wrap uagb-column__background-undefined uagb-block-09e2d3bf\"><div class=\"uagb-column__overlay\"><\/div>\n<div class=\"wp-block-uagb-info-box uagb-block-c09c868a uagb-infobox__content-wrap  uagb-infobox-icon-above-title uagb-infobox-image-valign-top animated fadeInUpBig duration3 eds-scroll-visible\"><div class=\"uagb-ifb-content\"><div class=\"uagb-ifb-image-content\"><img decoding=\"async\" src=\"https:\/\/contractmanufacturinglabs.com\/wp-content\/uploads\/2022\/03\/BLISTER-1.svg\" alt=\"\" width=\"100\" height=\"100\" loading=\"lazy\"\/><\/div><div class=\"uagb-ifb-title-wrap\"><h5 class=\"uagb-ifb-title\">Blister<\/h5><\/div><\/div><\/div>\n<\/div>\n\n\n\n<div class=\"wp-block-uagb-column uagb-column__wrap uagb-column__background-undefined uagb-block-74264af9\"><div class=\"uagb-column__overlay\"><\/div>\n<div class=\"wp-block-uagb-info-box uagb-block-1e737c17 uagb-infobox__content-wrap  uagb-infobox-icon-above-title uagb-infobox-image-valign-top animated fadeInUpBig duration3 eds-scroll-visible\"><div class=\"uagb-ifb-content\"><div class=\"uagb-ifb-image-content\"><img decoding=\"async\" src=\"https:\/\/contractmanufacturinglabs.com\/wp-content\/uploads\/2022\/03\/BOTTLE-1.svg\" alt=\"\" width=\"100\" height=\"100\" loading=\"lazy\"\/><\/div><div class=\"uagb-ifb-title-wrap\"><h5 class=\"uagb-ifb-title\">Pildoreros<\/h5><\/div><\/div><\/div>\n<\/div>\n\n\n\n<div class=\"wp-block-uagb-column uagb-column__wrap uagb-column__background-undefined uagb-block-c21467b0\"><div class=\"uagb-column__overlay\"><\/div>\n<div class=\"wp-block-uagb-info-box uagb-block-a3887b1a uagb-infobox__content-wrap  uagb-infobox-icon-above-title uagb-infobox-image-valign-top animated fadeInUpBig duration3 eds-scroll-visible\"><div class=\"uagb-ifb-content\"><div class=\"uagb-ifb-image-content\"><img decoding=\"async\" src=\"https:\/\/contractmanufacturinglabs.com\/wp-content\/uploads\/2022\/03\/PACKAGING-1.svg\" alt=\"\" width=\"100\" height=\"100\" loading=\"lazy\"\/><\/div><div class=\"uagb-ifb-title-wrap\"><h5 class=\"uagb-ifb-title\">Estuchado<\/h5><\/div><\/div><\/div>\n<\/div>\n<\/div><\/section>\n<\/div><\/section>\n\n\n\n<div style=\"height:42px\" aria-hidden=\"true\" class=\"wp-block-spacer\"><\/div>\n\n\n\n<div class=\"wp-block-media-text is-stacked-on-mobile is-vertically-aligned-center is-image-fill-element has-ast-global-color-5-background-color has-background\" style=\"grid-template-columns:41% auto\"><figure class=\"wp-block-media-text__media\"><img loading=\"lazy\" decoding=\"async\" width=\"800\" height=\"560\" src=\"https:\/\/contractmanufacturinglabs.com\/wp-content\/uploads\/2022\/03\/pills-tablets-capsules.jpg\" alt=\"\" class=\"wp-image-653 size-full\" style=\"object-position:50% 50%\" srcset=\"https:\/\/contractmanufacturinglabs.com\/wp-content\/uploads\/2022\/03\/pills-tablets-capsules.jpg 800w, https:\/\/contractmanufacturinglabs.com\/wp-content\/uploads\/2022\/03\/pills-tablets-capsules-300x210.jpg 300w, https:\/\/contractmanufacturinglabs.com\/wp-content\/uploads\/2022\/03\/pills-tablets-capsules-768x538.jpg 768w, https:\/\/contractmanufacturinglabs.com\/wp-content\/uploads\/2022\/03\/pills-tablets-capsules-500x350.jpg 500w, https:\/\/contractmanufacturinglabs.com\/wp-content\/uploads\/2022\/03\/pills-tablets-capsules-600x420.jpg 600w\" sizes=\"auto, (max-width: 800px) 100vw, 800px\" \/><\/figure><div class=\"wp-block-media-text__content\">\n<section class=\"wp-block-uagb-section uagb-section__wrap uagb-section__background-undefined uagb-block-57990f2a\"><div class=\"uagb-section__overlay\"><\/div><div class=\"uagb-section__inner-wrap\">\n<h3 class=\"wp-block-heading has-text-align-center animated fadeInRight duration2 eds-on-scroll\" style=\"font-size:28px\">Nuestro servicio<\/h3>\n\n\n\n<p class=\"has-text-align-center animated fadeInRight duration2 eds-on-scroll\">Nuestro laboratorio ofrece una amplia gama de servicios, c\u00e1psulas, comprimidos, blisters, frascos y envasado. Nuestro laboratorio en en Barcelona y nacido en Ginebra le ofrece la posibilidad de fabricar sus comprimidos y c\u00e1psulas duras as\u00ed como el embotellado y estuchado. Garant\u00eda de fiabilidad y alta calidad en Europa y en todo el mundo. Nuestra l\u00ednea de blister y embotellados completamente autom\u00e1tica le brinda la posibilidad de un servicio completo y r\u00e1pido con la mejor garant\u00eda de calidad.<\/p>\n<\/div><\/section>\n<\/div><\/div>\n\n\n\n<div style=\"height:42px\" aria-hidden=\"true\" class=\"wp-block-spacer\"><\/div>\n\n\n\n<div class=\"wp-block-media-text alignwide has-media-on-the-right is-stacked-on-mobile is-vertically-aligned-center is-image-fill-element has-ast-global-color-5-background-color has-background\" style=\"grid-template-columns:auto 41%\"><div class=\"wp-block-media-text__content\">\n<section class=\"wp-block-uagb-section uagb-section__wrap uagb-section__background-undefined uagb-block-85493d30\"><div class=\"uagb-section__overlay\"><\/div><div class=\"uagb-section__inner-wrap\">\n<h3 class=\"wp-block-heading has-text-align-center animated fadeInLeft duration2 eds-on-scroll\" style=\"font-size:28px\">Marca Blanca<\/h3>\n\n\n\n<p class=\"has-text-align-center animated fadeInLeft duration2 eds-on-scroll\">Puede crear su propia marca en minutos gracias a nuestro servicio de MARCA BLANCA &#8211; PRIVATE LABEL. Ahora tienes la posibilidad de m\u00e1s de 20 formulas altamente efectivas en el mercado. Productos con los mejores ingredientes. Productos de gran \u00e9xito en el mercado. Visita aqu\u00ed nuestra secci\u00f3n especial para nuestros servicios de MARCA BLANCA: \u00a1TU NUEVA MARCA!<\/p>\n\n\n\n<div class=\"wp-block-buttons animated fadeInLeft duration3 eds-on-scroll is-content-justification-center is-layout-flex wp-container-core-buttons-is-layout-a89b3969 wp-block-buttons-is-layout-flex\">\n<div class=\"wp-block-button\"><a class=\"wp-block-button__link wp-element-button\" href=\"https:\/\/contractmanufacturinglabs.com\/es\/marca-blanca\/\">m\u00e1s informaci\u00f3n<\/a><\/div>\n<\/div>\n<\/div><\/section>\n<\/div><figure class=\"wp-block-media-text__media\"><img loading=\"lazy\" decoding=\"async\" width=\"800\" height=\"724\" src=\"https:\/\/contractmanufacturinglabs.com\/wp-content\/uploads\/2022\/03\/private-label-cuadrada.jpg\" alt=\"\" class=\"wp-image-518 size-full\" style=\"object-position:50% 50%\" srcset=\"https:\/\/contractmanufacturinglabs.com\/wp-content\/uploads\/2022\/03\/private-label-cuadrada.jpg 800w, https:\/\/contractmanufacturinglabs.com\/wp-content\/uploads\/2022\/03\/private-label-cuadrada-300x272.jpg 300w, https:\/\/contractmanufacturinglabs.com\/wp-content\/uploads\/2022\/03\/private-label-cuadrada-768x695.jpg 768w, https:\/\/contractmanufacturinglabs.com\/wp-content\/uploads\/2022\/03\/private-label-cuadrada-500x453.jpg 500w, https:\/\/contractmanufacturinglabs.com\/wp-content\/uploads\/2022\/03\/private-label-cuadrada-600x543.jpg 600w\" sizes=\"auto, (max-width: 800px) 100vw, 800px\" \/><\/figure><\/div>\n\n\n\n<div style=\"height:42px\" aria-hidden=\"true\" class=\"wp-block-spacer\"><\/div>\n\n\n\n<div class=\"wp-block-media-text is-stacked-on-mobile is-vertically-aligned-center is-image-fill-element has-ast-global-color-5-background-color has-background\" style=\"grid-template-columns:41% auto\"><figure class=\"wp-block-media-text__media\"><img loading=\"lazy\" decoding=\"async\" width=\"1000\" height=\"667\" src=\"https:\/\/contractmanufacturinglabs.com\/wp-content\/uploads\/2022\/03\/andrographis-paniculata-capsules-with-fresh-leaf-isolated-on-white-background-1.jpg\" alt=\"\" class=\"wp-image-695 size-full\" style=\"object-position:50% 50%\" srcset=\"https:\/\/contractmanufacturinglabs.com\/wp-content\/uploads\/2022\/03\/andrographis-paniculata-capsules-with-fresh-leaf-isolated-on-white-background-1.jpg 1000w, https:\/\/contractmanufacturinglabs.com\/wp-content\/uploads\/2022\/03\/andrographis-paniculata-capsules-with-fresh-leaf-isolated-on-white-background-1-300x200.jpg 300w, https:\/\/contractmanufacturinglabs.com\/wp-content\/uploads\/2022\/03\/andrographis-paniculata-capsules-with-fresh-leaf-isolated-on-white-background-1-768x512.jpg 768w, https:\/\/contractmanufacturinglabs.com\/wp-content\/uploads\/2022\/03\/andrographis-paniculata-capsules-with-fresh-leaf-isolated-on-white-background-1-500x334.jpg 500w, https:\/\/contractmanufacturinglabs.com\/wp-content\/uploads\/2022\/03\/andrographis-paniculata-capsules-with-fresh-leaf-isolated-on-white-background-1-800x534.jpg 800w, https:\/\/contractmanufacturinglabs.com\/wp-content\/uploads\/2022\/03\/andrographis-paniculata-capsules-with-fresh-leaf-isolated-on-white-background-1-600x400.jpg 600w\" sizes=\"auto, (max-width: 1000px) 100vw, 1000px\" \/><\/figure><div class=\"wp-block-media-text__content\">\n<section class=\"wp-block-uagb-section uagb-section__wrap uagb-section__background-undefined uagb-block-fe9e8c5b\"><div class=\"uagb-section__overlay\"><\/div><div class=\"uagb-section__inner-wrap\">\n<h3 class=\"wp-block-heading has-text-align-center animated fadeInRight duration2 eds-on-scroll\" style=\"font-size:28px\">Nuestro punto clave: Mejor abastecimiento &#8211; Flexibilidad &#8211; Peque\u00f1a producci\u00f3n<\/h3>\n\n\n\n<p class=\"has-text-align-center animated fadeInRight duration2 eds-on-scroll\">Producci\u00f3n en la UE bajo los m\u00e1s altos est\u00e1ndares de calidad. Contamos con m\u00e1s de 35 a\u00f1os de experiencia en ingredientes. Especialistas en la producci\u00f3n de peque\u00f1os\/medianos pedidos. Respuesta inmediata a sus requerimientos. Comprometidos en todo el desarrollo y proceso.<\/p>\n<\/div><\/section>\n<\/div><\/div>\n\n\n\n<div style=\"height:42px\" aria-hidden=\"true\" class=\"wp-block-spacer\"><\/div>\n\n\n\n<div class=\"wp-block-cover alignfull is-light\" style=\"min-height:371px;aspect-ratio:unset;\"><span aria-hidden=\"true\" class=\"wp-block-cover__background has-ast-global-color-4-background-color has-background-dim\"><\/span><img loading=\"lazy\" decoding=\"async\" width=\"1536\" height=\"1024\" class=\"wp-block-cover__image-background wp-image-1135\" alt=\"\" src=\"https:\/\/contractmanufacturinglabs.com\/wp-content\/uploads\/2022\/04\/banner-pie-multicolor3.jpg\" style=\"object-position:49% 77%\" data-object-fit=\"cover\" data-object-position=\"49% 77%\" srcset=\"https:\/\/contractmanufacturinglabs.com\/wp-content\/uploads\/2022\/04\/banner-pie-multicolor3.jpg 1536w, https:\/\/contractmanufacturinglabs.com\/wp-content\/uploads\/2022\/04\/banner-pie-multicolor3-300x200.jpg 300w, https:\/\/contractmanufacturinglabs.com\/wp-content\/uploads\/2022\/04\/banner-pie-multicolor3-1024x683.jpg 1024w, https:\/\/contractmanufacturinglabs.com\/wp-content\/uploads\/2022\/04\/banner-pie-multicolor3-768x512.jpg 768w, https:\/\/contractmanufacturinglabs.com\/wp-content\/uploads\/2022\/04\/banner-pie-multicolor3-500x333.jpg 500w, https:\/\/contractmanufacturinglabs.com\/wp-content\/uploads\/2022\/04\/banner-pie-multicolor3-800x533.jpg 800w, https:\/\/contractmanufacturinglabs.com\/wp-content\/uploads\/2022\/04\/banner-pie-multicolor3-1280x853.jpg 1280w, https:\/\/contractmanufacturinglabs.com\/wp-content\/uploads\/2022\/04\/banner-pie-multicolor3-600x400.jpg 600w\" sizes=\"auto, (max-width: 1536px) 100vw, 1536px\" \/><div class=\"wp-block-cover__inner-container is-layout-flow wp-block-cover-is-layout-flow\">\n<h2 class=\"wp-block-heading has-text-align-center has-ast-global-color-2-color has-text-color\">Personaliza tu producto<\/h2>\n\n\n\n<p class=\"has-text-align-center has-ast-global-color-2-color has-text-color\">\u00a1Haga clic aqu\u00ed para recibir una invitaci\u00f3n para personalizar su producto! Pildoreros, tapas, etiquetas, \u00a1todo es posible gracias a nuestro configurador!<\/p>\n\n\n\n<div class=\"wp-block-buttons is-horizontal is-content-justification-center is-layout-flex wp-container-core-buttons-is-layout-03627597 wp-block-buttons-is-layout-flex\">\n<div class=\"wp-block-button\"><a class=\"wp-block-button__link wp-element-button\" href=\"https:\/\/contractmanufacturinglabs.com\/es\/laboratorio-suplementos-alimenticios-contacto\/\">Contacto<\/a><\/div>\n<\/div>\n\n\n\n<div style=\"height:169px\" aria-hidden=\"true\" class=\"wp-block-spacer\"><\/div>\n<\/div><\/div>\n","protected":false},"excerpt":{"rendered":"","protected":false},"author":1,"featured_media":0,"parent":0,"menu_order":0,"comment_status":"closed","ping_status":"closed","template":"","meta":{"inline_featured_image":false,"_uag_custom_page_level_css":"","site-sidebar-layout":"default","site-content-layout":"plain-container","ast-site-content-layout":"normal-width-container","site-content-style":"unboxed","site-sidebar-style":"unboxed","ast-global-header-display":"","ast-banner-title-visibility":"","ast-main-header-display":"","ast-hfb-above-header-display":"","ast-hfb-below-header-display":"","ast-hfb-mobile-header-display":"","site-post-title":"disabled","ast-breadcrumbs-content":"","ast-featured-img":"","footer-sml-layout":"","ast-disable-related-posts":"","theme-transparent-header-meta":"disabled","adv-header-id-meta":"","stick-header-meta":"","header-above-stick-meta":"","header-main-stick-meta":"","header-below-stick-meta":"","astra-migrate-meta-layouts":"set","ast-page-background-enabled":"default","ast-page-background-meta":{"desktop":{"background-color":"","background-image":"","background-repeat":"repeat","background-position":"center center","background-size":"auto","background-attachment":"scroll","background-type":"","background-media":"","overlay-type":"","overlay-color":"","overlay-opacity":"","overlay-gradient":""},"tablet":{"background-color":"","background-image":"","background-repeat":"repeat","background-position":"center center","background-size":"auto","background-attachment":"scroll","background-type":"","background-media":"","overlay-type":"","overlay-color":"","overlay-opacity":"","overlay-gradient":""},"mobile":{"background-color":"","background-image":"","background-repeat":"repeat","background-position":"center center","background-size":"auto","background-attachment":"scroll","background-type":"","background-media":"","overlay-type":"","overlay-color":"","overlay-opacity":"","overlay-gradient":""}},"ast-content-background-meta":{"desktop":{"background-color":"var(--ast-global-color-5)","background-image":"","background-repeat":"repeat","background-position":"center center","background-size":"auto","background-attachment":"scroll","background-type":"","background-media":"","overlay-type":"","overlay-color":"","overlay-opacity":"","overlay-gradient":""},"tablet":{"background-color":"var(--ast-global-color-5)","background-image":"","background-repeat":"repeat","background-position":"center center","background-size":"auto","background-attachment":"scroll","background-type":"","background-media":"","overlay-type":"","overlay-color":"","overlay-opacity":"","overlay-gradient":""},"mobile":{"background-color":"var(--ast-global-color-5)","background-image":"","background-repeat":"repeat","background-position":"center center","background-size":"auto","background-attachment":"scroll","background-type":"","background-media":"","overlay-type":"","overlay-color":"","overlay-opacity":"","overlay-gradient":""}},"footnotes":""},"class_list":["post-1639","page","type-page","status-publish","hentry"],"uagb_featured_image_src":{"full":false,"thumbnail":false,"medium":false,"medium_large":false,"large":false,"1536x1536":false,"2048x2048":false,"awb_sm":false,"awb_md":false,"awb_lg":false,"awb_xl":false},"uagb_author_info":{"display_name":"admin","author_link":"https:\/\/contractmanufacturinglabs.com\/es\/author\/admin\/"},"uagb_comment_info":0,"uagb_excerpt":null,"_links":{"self":[{"href":"https:\/\/contractmanufacturinglabs.com\/es\/wp-json\/wp\/v2\/pages\/1639","targetHints":{"allow":["GET"]}}],"collection":[{"href":"https:\/\/contractmanufacturinglabs.com\/es\/wp-json\/wp\/v2\/pages"}],"about":[{"href":"https:\/\/contractmanufacturinglabs.com\/es\/wp-json\/wp\/v2\/types\/page"}],"author":[{"embeddable":true,"href":"https:\/\/contractmanufacturinglabs.com\/es\/wp-json\/wp\/v2\/users\/1"}],"replies":[{"embeddable":true,"href":"https:\/\/contractmanufacturinglabs.com\/es\/wp-json\/wp\/v2\/comments?post=1639"}],"version-history":[{"count":7,"href":"https:\/\/contractmanufacturinglabs.com\/es\/wp-json\/wp\/v2\/pages\/1639\/revisions"}],"predecessor-version":[{"id":1843,"href":"https:\/\/contractmanufacturinglabs.com\/es\/wp-json\/wp\/v2\/pages\/1639\/revisions\/1843"}],"wp:attachment":[{"href":"https:\/\/contractmanufacturinglabs.com\/es\/wp-json\/wp\/v2\/media?parent=1639"}],"curies":[{"name":"wp","href":"https:\/\/api.w.org\/{rel}","templated":true}]}}